{"id":38045,"date":"2025-08-19T14:51:04","date_gmt":"2025-08-19T12:51:04","guid":{"rendered":"https:\/\/anigreat.starter-creative.fr\/?post_type=product&#038;p=38045"},"modified":"2025-08-22T13:17:29","modified_gmt":"2025-08-22T11:17:29","slug":"mailight-minka","status":"publish","type":"product","link":"https:\/\/anigreat.starter-creative.fr\/de\/geschaeft\/natuerliche-katzenernaehrung\/mailight-minka\/","title":{"rendered":"Mailight Minka"},"content":{"rendered":"<p><b>Paket &#8222;Mailight Minka&#8220; \u2013 F\u00fcr Samtpfoten mit Stil &amp; Anspruch!<\/b><br \/>\nDieses Paket ist so charmant wie Deine Katze selbst \u2013 fein ausgew\u00e4hlte Produkte, die Schnurren, Schlecken &amp; Spielen garantieren.<br \/>\nOb Leckerli, Futter, gesundes \u00d6l oder Pflegeprodukte \u2013 mit &#8222;Mailight Minka&#8220; wird\u2019s richtig gem\u00fctlich im Katzenkorb.<\/p>\n<p><b>Verw\u00f6hn Deine Miezi \u2013 und sichere Dir das Paket, bevor es vergriffen ist!<\/b><\/p>\n<p>1 ANIGREAT\u00ae Premium Pet Food \u2013 Huhn mit Thunfisch &amp; Lachs 1 kg<br \/>\n1 ANIGREAT\u00ae Premium Pet Food \u2013 Lein\u00f6l 250 ml<br \/>\n1 ANIGREAT\u00ae Med CarePowder 50g Sanfter Schutz &amp; nat\u00fcrliche Wundpflege \u2013 trocken, sicher &amp; effektiv<\/p>\n<p><b><span style=\"color: #000000;\">+ GRATIS<\/span><\/b><br \/>\n1 ANIGREAT\u00ae PREMIUM PET SNACK TRIO DE LUXE FISCH 100 g<\/p>\n<p>Produktdetails &amp; F\u00fctterungsempfehlungen findest Du in den jeweiligen Artikeln im Shop.<b><\/b><\/p>\n","protected":false},"excerpt":{"rendered":"<p>Verw\u00f6hnpaket f\u00fcr kleine K\u00f6niginnen &amp; K\u00f6nige auf leisen Pfoten<\/p>\n","protected":false},"featured_media":38047,"comment_status":"open","ping_status":"closed","template":"","meta":[],"product_brand":[],"product_cat":[97],"product_tag":[104],"class_list":{"0":"post-38045","1":"product","2":"type-product","3":"status-publish","4":"has-post-thumbnail","6":"product_cat-natuerliche-katzenernaehrung","7":"product_tag-pakete","8":"has-subscription-plans","10":"first","11":"outofstock","12":"taxable","13":"shipping-taxable","14":"purchasable","15":"product-type-simple"},"yoast_head":"<!-- This site is optimized with the Yoast SEO plugin v26.0 - https:\/\/yoast.com\/wordpress\/plugins\/seo\/ -->\n<title>Mailight Minka | AniGreat<\/title>\n<meta name=\"robots\" content=\"noindex, follow, max-snippet:-1, max-image-preview:large, max-video-preview:-1\" \/>\n<meta property=\"og:locale\" content=\"de_DE\" \/>\n<meta property=\"og:type\" content=\"article\" \/>\n<meta property=\"og:title\" content=\"Mailight Minka | AniGreat\" \/>\n<meta property=\"og:description\" content=\"Verw\u00f6hnpaket f\u00fcr kleine K\u00f6niginnen &amp; K\u00f6nige auf leisen Pfoten\" \/>\n<meta property=\"og:url\" content=\"https:\/\/anigreat.starter-creative.fr\/de\/geschaeft\/natuerliche-katzenernaehrung\/mailight-minka\/\" \/>\n<meta property=\"og:site_name\" content=\"AniGreat\" \/>\n<meta property=\"article:modified_time\" content=\"2025-08-22T11:17:29+00:00\" \/>\n<meta property=\"og:image\" content=\"https:\/\/anigreat.starter-creative.fr\/wp-content\/uploads\/2025\/08\/anigreat_Mailight_Minka.webp\" \/>\n\t<meta property=\"og:image:width\" content=\"1067\" \/>\n\t<meta property=\"og:image:height\" content=\"1200\" \/>\n\t<meta property=\"og:image:type\" content=\"image\/webp\" \/>\n<meta name=\"twitter:card\" content=\"summary_large_image\" \/>\n<meta name=\"twitter:label1\" content=\"Gesch\u00e4tzte Lesezeit\" \/>\n\t<meta name=\"twitter:data1\" content=\"1\u00a0Minute\" \/>\n<script type=\"application\/ld+json\" class=\"yoast-schema-graph\">{\"@context\":\"https:\/\/schema.org\",\"@graph\":[{\"@type\":\"WebPage\",\"@id\":\"https:\/\/anigreat.starter-creative.fr\/de\/geschaeft\/natuerliche-katzenernaehrung\/mailight-minka\/\",\"url\":\"https:\/\/anigreat.starter-creative.fr\/de\/geschaeft\/natuerliche-katzenernaehrung\/mailight-minka\/\",\"name\":\"Mailight Minka | AniGreat\",\"isPartOf\":{\"@id\":\"https:\/\/anigreat.starter-creative.fr\/de\/#website\"},\"primaryImageOfPage\":{\"@id\":\"https:\/\/anigreat.starter-creative.fr\/de\/geschaeft\/natuerliche-katzenernaehrung\/mailight-minka\/#primaryimage\"},\"image\":{\"@id\":\"https:\/\/anigreat.starter-creative.fr\/de\/geschaeft\/natuerliche-katzenernaehrung\/mailight-minka\/#primaryimage\"},\"thumbnailUrl\":\"https:\/\/anigreat.starter-creative.fr\/wp-content\/uploads\/2025\/08\/anigreat_Mailight_Minka.webp\",\"datePublished\":\"2025-08-19T12:51:04+00:00\",\"dateModified\":\"2025-08-22T11:17:29+00:00\",\"breadcrumb\":{\"@id\":\"https:\/\/anigreat.starter-creative.fr\/de\/geschaeft\/natuerliche-katzenernaehrung\/mailight-minka\/#breadcrumb\"},\"inLanguage\":\"de\",\"potentialAction\":[{\"@type\":\"ReadAction\",\"target\":[\"https:\/\/anigreat.starter-creative.fr\/de\/geschaeft\/natuerliche-katzenernaehrung\/mailight-minka\/\"]}]},{\"@type\":\"ImageObject\",\"inLanguage\":\"de\",\"@id\":\"https:\/\/anigreat.starter-creative.fr\/de\/geschaeft\/natuerliche-katzenernaehrung\/mailight-minka\/#primaryimage\",\"url\":\"https:\/\/anigreat.starter-creative.fr\/wp-content\/uploads\/2025\/08\/anigreat_Mailight_Minka.webp\",\"contentUrl\":\"https:\/\/anigreat.starter-creative.fr\/wp-content\/uploads\/2025\/08\/anigreat_Mailight_Minka.webp\",\"width\":1067,\"height\":1200},{\"@type\":\"BreadcrumbList\",\"@id\":\"https:\/\/anigreat.starter-creative.fr\/de\/geschaeft\/natuerliche-katzenernaehrung\/mailight-minka\/#breadcrumb\",\"itemListElement\":[{\"@type\":\"ListItem\",\"position\":1,\"name\":\"Heim\",\"item\":\"https:\/\/anigreat.starter-creative.fr\/de\/\"},{\"@type\":\"ListItem\",\"position\":2,\"name\":\"Shop\",\"item\":\"https:\/\/anigreat.starter-creative.fr\/de\/shop\/\"},{\"@type\":\"ListItem\",\"position\":3,\"name\":\"Mailight Minka\"}]},{\"@type\":\"WebSite\",\"@id\":\"https:\/\/anigreat.starter-creative.fr\/de\/#website\",\"url\":\"https:\/\/anigreat.starter-creative.fr\/de\/\",\"name\":\"Anigreat\",\"description\":\"Premium Pet Food\",\"publisher\":{\"@id\":\"https:\/\/anigreat.starter-creative.fr\/de\/#organization\"},\"potentialAction\":[{\"@type\":\"SearchAction\",\"target\":{\"@type\":\"EntryPoint\",\"urlTemplate\":\"https:\/\/anigreat.starter-creative.fr\/de\/?s={search_term_string}\"},\"query-input\":{\"@type\":\"PropertyValueSpecification\",\"valueRequired\":true,\"valueName\":\"search_term_string\"}}],\"inLanguage\":\"de\"},{\"@type\":\"Organization\",\"@id\":\"https:\/\/anigreat.starter-creative.fr\/de\/#organization\",\"name\":\"Anigreat\",\"url\":\"https:\/\/anigreat.starter-creative.fr\/de\/\",\"logo\":{\"@type\":\"ImageObject\",\"inLanguage\":\"de\",\"@id\":\"https:\/\/anigreat.starter-creative.fr\/de\/#\/schema\/logo\/image\/\",\"url\":\"https:\/\/anigreat.starter-creative.fr\/wp-content\/uploads\/2025\/04\/logo.png\",\"contentUrl\":\"https:\/\/anigreat.starter-creative.fr\/wp-content\/uploads\/2025\/04\/logo.png\",\"width\":500,\"height\":221,\"caption\":\"Anigreat\"},\"image\":{\"@id\":\"https:\/\/anigreat.starter-creative.fr\/de\/#\/schema\/logo\/image\/\"}}]}<\/script>\n<!-- \/ Yoast SEO plugin. -->","yoast_head_json":{"title":"Mailight Minka | AniGreat","robots":{"index":"noindex","follow":"follow","max-snippet":"max-snippet:-1","max-image-preview":"max-image-preview:large","max-video-preview":"max-video-preview:-1"},"og_locale":"de_DE","og_type":"article","og_title":"Mailight Minka | AniGreat","og_description":"Verw\u00f6hnpaket f\u00fcr kleine K\u00f6niginnen &amp; K\u00f6nige auf leisen Pfoten","og_url":"https:\/\/anigreat.starter-creative.fr\/de\/geschaeft\/natuerliche-katzenernaehrung\/mailight-minka\/","og_site_name":"AniGreat","article_modified_time":"2025-08-22T11:17:29+00:00","og_image":[{"width":1067,"height":1200,"url":"https:\/\/anigreat.starter-creative.fr\/wp-content\/uploads\/2025\/08\/anigreat_Mailight_Minka.webp","type":"image\/webp"}],"twitter_card":"summary_large_image","twitter_misc":{"Gesch\u00e4tzte Lesezeit":"1\u00a0Minute"},"schema":{"@context":"https:\/\/schema.org","@graph":[{"@type":"WebPage","@id":"https:\/\/anigreat.starter-creative.fr\/de\/geschaeft\/natuerliche-katzenernaehrung\/mailight-minka\/","url":"https:\/\/anigreat.starter-creative.fr\/de\/geschaeft\/natuerliche-katzenernaehrung\/mailight-minka\/","name":"Mailight Minka | AniGreat","isPartOf":{"@id":"https:\/\/anigreat.starter-creative.fr\/de\/#website"},"primaryImageOfPage":{"@id":"https:\/\/anigreat.starter-creative.fr\/de\/geschaeft\/natuerliche-katzenernaehrung\/mailight-minka\/#primaryimage"},"image":{"@id":"https:\/\/anigreat.starter-creative.fr\/de\/geschaeft\/natuerliche-katzenernaehrung\/mailight-minka\/#primaryimage"},"thumbnailUrl":"https:\/\/anigreat.starter-creative.fr\/wp-content\/uploads\/2025\/08\/anigreat_Mailight_Minka.webp","datePublished":"2025-08-19T12:51:04+00:00","dateModified":"2025-08-22T11:17:29+00:00","breadcrumb":{"@id":"https:\/\/anigreat.starter-creative.fr\/de\/geschaeft\/natuerliche-katzenernaehrung\/mailight-minka\/#breadcrumb"},"inLanguage":"de","potentialAction":[{"@type":"ReadAction","target":["https:\/\/anigreat.starter-creative.fr\/de\/geschaeft\/natuerliche-katzenernaehrung\/mailight-minka\/"]}]},{"@type":"ImageObject","inLanguage":"de","@id":"https:\/\/anigreat.starter-creative.fr\/de\/geschaeft\/natuerliche-katzenernaehrung\/mailight-minka\/#primaryimage","url":"https:\/\/anigreat.starter-creative.fr\/wp-content\/uploads\/2025\/08\/anigreat_Mailight_Minka.webp","contentUrl":"https:\/\/anigreat.starter-creative.fr\/wp-content\/uploads\/2025\/08\/anigreat_Mailight_Minka.webp","width":1067,"height":1200},{"@type":"BreadcrumbList","@id":"https:\/\/anigreat.starter-creative.fr\/de\/geschaeft\/natuerliche-katzenernaehrung\/mailight-minka\/#breadcrumb","itemListElement":[{"@type":"ListItem","position":1,"name":"Heim","item":"https:\/\/anigreat.starter-creative.fr\/de\/"},{"@type":"ListItem","position":2,"name":"Shop","item":"https:\/\/anigreat.starter-creative.fr\/de\/shop\/"},{"@type":"ListItem","position":3,"name":"Mailight Minka"}]},{"@type":"WebSite","@id":"https:\/\/anigreat.starter-creative.fr\/de\/#website","url":"https:\/\/anigreat.starter-creative.fr\/de\/","name":"Anigreat","description":"Premium Pet Food","publisher":{"@id":"https:\/\/anigreat.starter-creative.fr\/de\/#organization"},"potentialAction":[{"@type":"SearchAction","target":{"@type":"EntryPoint","urlTemplate":"https:\/\/anigreat.starter-creative.fr\/de\/?s={search_term_string}"},"query-input":{"@type":"PropertyValueSpecification","valueRequired":true,"valueName":"search_term_string"}}],"inLanguage":"de"},{"@type":"Organization","@id":"https:\/\/anigreat.starter-creative.fr\/de\/#organization","name":"Anigreat","url":"https:\/\/anigreat.starter-creative.fr\/de\/","logo":{"@type":"ImageObject","inLanguage":"de","@id":"https:\/\/anigreat.starter-creative.fr\/de\/#\/schema\/logo\/image\/","url":"https:\/\/anigreat.starter-creative.fr\/wp-content\/uploads\/2025\/04\/logo.png","contentUrl":"https:\/\/anigreat.starter-creative.fr\/wp-content\/uploads\/2025\/04\/logo.png","width":500,"height":221,"caption":"Anigreat"},"image":{"@id":"https:\/\/anigreat.starter-creative.fr\/de\/#\/schema\/logo\/image\/"}}]}},"_links":{"self":[{"href":"https:\/\/anigreat.starter-creative.fr\/de\/wp-json\/wp\/v2\/product\/38045","targetHints":{"allow":["GET"]}}],"collection":[{"href":"https:\/\/anigreat.starter-creative.fr\/de\/wp-json\/wp\/v2\/product"}],"about":[{"href":"https:\/\/anigreat.starter-creative.fr\/de\/wp-json\/wp\/v2\/types\/product"}],"replies":[{"embeddable":true,"href":"https:\/\/anigreat.starter-creative.fr\/de\/wp-json\/wp\/v2\/comments?post=38045"}],"version-history":[{"count":2,"href":"https:\/\/anigreat.starter-creative.fr\/de\/wp-json\/wp\/v2\/product\/38045\/revisions"}],"predecessor-version":[{"id":38099,"href":"https:\/\/anigreat.starter-creative.fr\/de\/wp-json\/wp\/v2\/product\/38045\/revisions\/38099"}],"wp:featuredmedia":[{"embeddable":true,"href":"https:\/\/anigreat.starter-creative.fr\/de\/wp-json\/wp\/v2\/media\/38047"}],"wp:attachment":[{"href":"https:\/\/anigreat.starter-creative.fr\/de\/wp-json\/wp\/v2\/media?parent=38045"}],"wp:term":[{"taxonomy":"product_brand","embeddable":true,"href":"https:\/\/anigreat.starter-creative.fr\/de\/wp-json\/wp\/v2\/product_brand?post=38045"},{"taxonomy":"product_cat","embeddable":true,"href":"https:\/\/anigreat.starter-creative.fr\/de\/wp-json\/wp\/v2\/product_cat?post=38045"},{"taxonomy":"product_tag","embeddable":true,"href":"https:\/\/anigreat.starter-creative.fr\/de\/wp-json\/wp\/v2\/product_tag?post=38045"}],"curies":[{"name":"wp","href":"https:\/\/api.w.org\/{rel}","templated":true}]}}