{"id":28296,"date":"2025-04-24T17:41:54","date_gmt":"2025-04-24T15:41:54","guid":{"rendered":"https:\/\/anigreat.starter-creative.fr\/product\/leinoel-250-ml\/"},"modified":"2025-07-23T15:57:56","modified_gmt":"2025-07-23T13:57:56","slug":"leinoel-250-ml","status":"publish","type":"product","link":"https:\/\/anigreat.starter-creative.fr\/de\/geschaeft\/natuerliche-hundeernaehrung\/leinoel-250-ml\/","title":{"rendered":"Lein\u00f6l 250 ml"},"content":{"rendered":"<p><b>ANIGREAT\u00ae Premium Pet Food \u2013 Lein\u00f6l<br \/>\n<\/b>Haut, Fell &amp; Verdauung \u2013 Die nat\u00fcrliche Kraft aus Leinsamen f\u00fcr Hunde &amp; Pferde<\/p>\n<p>Unser hochwertiges kaltgepresstes Lein\u00f6l ist eine wertvolle Quelle an essenziellen Omega-3- und Omega-6-Fetts\u00e4uren, die zahlreiche positive Effekte auf den Stoffwechsel, die Hautgesundheit und das Immunsystem haben.<br \/>\nBesonders bei Hautproblemen, stumpfem Fell oder Verdauungsst\u00f6rungen kann Lein\u00f6l eine wertvolle Unterst\u00fctzung sein.<\/p>\n<p>\u2714 F\u00f6rdert Haut &amp; Fell \u2013 unterst\u00fctzt die Hautbarriere &amp; sorgt f\u00fcr gl\u00e4nzendes Fell.<br \/>\n\u2714 Unterst\u00fctzt die Verdauung \u2013 kann die Darmflora stabilisieren &amp; die Verdauung regulieren.<br \/>\n\u2714 Reich an Omega-3 (mind. 53 %) \u2013 st\u00e4rkt das Immunsystem &amp; tr\u00e4gt zu einer guten Zellfunktion bei.<br \/>\n\u2714 100 % naturrein \u2013 ohne Zusatzstoffe oder k\u00fcnstliche Konservierung.<\/p>\n<p>Goldene Tropfen f\u00fcr Wohlbefinden \u2013 weil wir Tiere lieben\u00a0\u2764\ufe0f<\/p>\n<p><b>Zusammensetzung:<\/b><br \/>\n100 % Lein\u00f6l aus Leinsaat<\/p>\n<p><b>Wichtige Hinweise:<\/b><br \/>\nGoldgelbes bis br\u00e4unliches \u00d6l.<br \/>\nErg\u00e4nzungsfuttermittel f\u00fcr Hunde &amp; Pferde.<\/p>\n<p><b>Anwendung &amp; Lagerung:<\/b><br \/>\nVor Gebrauch gut sch\u00fctteln.\u00a0K\u00fchl, dunkel &amp; trocken lagern.<\/p>\n","protected":false},"excerpt":{"rendered":"<p>Lein\u00f6l<\/p>\n","protected":false},"featured_media":28292,"comment_status":"open","ping_status":"closed","template":"","meta":[],"product_brand":[],"product_cat":[106,95,105],"product_tag":[102],"class_list":{"0":"post-28296","1":"product","2":"type-product","3":"status-publish","4":"has-post-thumbnail","6":"product_cat-natuerliche-alpakaernaehrung","7":"product_cat-natuerliche-hundeernaehrung","8":"product_cat-natuerliche-pferdeernaehrung","9":"product_tag-oele","10":"has-subscription-plans","12":"first","13":"instock","14":"taxable","15":"shipping-taxable","16":"purchasable","17":"product-type-simple"},"yoast_head":"<!-- This site is optimized with the Yoast SEO plugin v26.0 - https:\/\/yoast.com\/wordpress\/plugins\/seo\/ -->\n<title>Lein\u00f6l 250 ml | AniGreat<\/title>\n<meta name=\"robots\" content=\"noindex, follow, max-snippet:-1, max-image-preview:large, max-video-preview:-1\" \/>\n<meta property=\"og:locale\" content=\"de_DE\" \/>\n<meta property=\"og:type\" content=\"article\" \/>\n<meta property=\"og:title\" content=\"Lein\u00f6l 250 ml | AniGreat\" \/>\n<meta property=\"og:description\" content=\"Lein\u00f6l\" \/>\n<meta property=\"og:url\" content=\"https:\/\/anigreat.starter-creative.fr\/de\/geschaeft\/natuerliche-hundeernaehrung\/leinoel-250-ml\/\" \/>\n<meta property=\"og:site_name\" content=\"AniGreat\" \/>\n<meta property=\"article:modified_time\" content=\"2025-07-23T13:57:56+00:00\" \/>\n<meta property=\"og:image\" content=\"https:\/\/anigreat.starter-creative.fr\/wp-content\/uploads\/2025\/04\/AniGreat_l_2.jpg\" \/>\n\t<meta property=\"og:image:width\" content=\"1067\" \/>\n\t<meta property=\"og:image:height\" content=\"1200\" \/>\n\t<meta property=\"og:image:type\" content=\"image\/jpeg\" \/>\n<meta name=\"twitter:card\" content=\"summary_large_image\" \/>\n<meta name=\"twitter:label1\" content=\"Gesch\u00e4tzte Lesezeit\" \/>\n\t<meta name=\"twitter:data1\" content=\"1\u00a0Minute\" \/>\n<script type=\"application\/ld+json\" class=\"yoast-schema-graph\">{\"@context\":\"https:\/\/schema.org\",\"@graph\":[{\"@type\":\"WebPage\",\"@id\":\"https:\/\/anigreat.starter-creative.fr\/de\/geschaeft\/natuerliche-hundeernaehrung\/leinoel-250-ml\/\",\"url\":\"https:\/\/anigreat.starter-creative.fr\/de\/geschaeft\/natuerliche-hundeernaehrung\/leinoel-250-ml\/\",\"name\":\"Lein\u00f6l 250 ml | AniGreat\",\"isPartOf\":{\"@id\":\"https:\/\/anigreat.starter-creative.fr\/de\/#website\"},\"primaryImageOfPage\":{\"@id\":\"https:\/\/anigreat.starter-creative.fr\/de\/geschaeft\/natuerliche-hundeernaehrung\/leinoel-250-ml\/#primaryimage\"},\"image\":{\"@id\":\"https:\/\/anigreat.starter-creative.fr\/de\/geschaeft\/natuerliche-hundeernaehrung\/leinoel-250-ml\/#primaryimage\"},\"thumbnailUrl\":\"https:\/\/anigreat.starter-creative.fr\/wp-content\/uploads\/2025\/04\/AniGreat_l_2.jpg\",\"datePublished\":\"2025-04-24T15:41:54+00:00\",\"dateModified\":\"2025-07-23T13:57:56+00:00\",\"breadcrumb\":{\"@id\":\"https:\/\/anigreat.starter-creative.fr\/de\/geschaeft\/natuerliche-hundeernaehrung\/leinoel-250-ml\/#breadcrumb\"},\"inLanguage\":\"de\",\"potentialAction\":[{\"@type\":\"ReadAction\",\"target\":[\"https:\/\/anigreat.starter-creative.fr\/de\/geschaeft\/natuerliche-hundeernaehrung\/leinoel-250-ml\/\"]}]},{\"@type\":\"ImageObject\",\"inLanguage\":\"de\",\"@id\":\"https:\/\/anigreat.starter-creative.fr\/de\/geschaeft\/natuerliche-hundeernaehrung\/leinoel-250-ml\/#primaryimage\",\"url\":\"https:\/\/anigreat.starter-creative.fr\/wp-content\/uploads\/2025\/04\/AniGreat_l_2.jpg\",\"contentUrl\":\"https:\/\/anigreat.starter-creative.fr\/wp-content\/uploads\/2025\/04\/AniGreat_l_2.jpg\",\"width\":1067,\"height\":1200},{\"@type\":\"BreadcrumbList\",\"@id\":\"https:\/\/anigreat.starter-creative.fr\/de\/geschaeft\/natuerliche-hundeernaehrung\/leinoel-250-ml\/#breadcrumb\",\"itemListElement\":[{\"@type\":\"ListItem\",\"position\":1,\"name\":\"Heim\",\"item\":\"https:\/\/anigreat.starter-creative.fr\/de\/\"},{\"@type\":\"ListItem\",\"position\":2,\"name\":\"Shop\",\"item\":\"https:\/\/anigreat.starter-creative.fr\/de\/shop\/\"},{\"@type\":\"ListItem\",\"position\":3,\"name\":\"Lein\u00f6l 250 ml\"}]},{\"@type\":\"WebSite\",\"@id\":\"https:\/\/anigreat.starter-creative.fr\/de\/#website\",\"url\":\"https:\/\/anigreat.starter-creative.fr\/de\/\",\"name\":\"Anigreat\",\"description\":\"Premium Pet Food\",\"publisher\":{\"@id\":\"https:\/\/anigreat.starter-creative.fr\/de\/#organization\"},\"potentialAction\":[{\"@type\":\"SearchAction\",\"target\":{\"@type\":\"EntryPoint\",\"urlTemplate\":\"https:\/\/anigreat.starter-creative.fr\/de\/?s={search_term_string}\"},\"query-input\":{\"@type\":\"PropertyValueSpecification\",\"valueRequired\":true,\"valueName\":\"search_term_string\"}}],\"inLanguage\":\"de\"},{\"@type\":\"Organization\",\"@id\":\"https:\/\/anigreat.starter-creative.fr\/de\/#organization\",\"name\":\"Anigreat\",\"url\":\"https:\/\/anigreat.starter-creative.fr\/de\/\",\"logo\":{\"@type\":\"ImageObject\",\"inLanguage\":\"de\",\"@id\":\"https:\/\/anigreat.starter-creative.fr\/de\/#\/schema\/logo\/image\/\",\"url\":\"https:\/\/anigreat.starter-creative.fr\/wp-content\/uploads\/2025\/04\/logo.png\",\"contentUrl\":\"https:\/\/anigreat.starter-creative.fr\/wp-content\/uploads\/2025\/04\/logo.png\",\"width\":500,\"height\":221,\"caption\":\"Anigreat\"},\"image\":{\"@id\":\"https:\/\/anigreat.starter-creative.fr\/de\/#\/schema\/logo\/image\/\"}}]}<\/script>\n<!-- \/ Yoast SEO plugin. -->","yoast_head_json":{"title":"Lein\u00f6l 250 ml | AniGreat","robots":{"index":"noindex","follow":"follow","max-snippet":"max-snippet:-1","max-image-preview":"max-image-preview:large","max-video-preview":"max-video-preview:-1"},"og_locale":"de_DE","og_type":"article","og_title":"Lein\u00f6l 250 ml | AniGreat","og_description":"Lein\u00f6l","og_url":"https:\/\/anigreat.starter-creative.fr\/de\/geschaeft\/natuerliche-hundeernaehrung\/leinoel-250-ml\/","og_site_name":"AniGreat","article_modified_time":"2025-07-23T13:57:56+00:00","og_image":[{"width":1067,"height":1200,"url":"https:\/\/anigreat.starter-creative.fr\/wp-content\/uploads\/2025\/04\/AniGreat_l_2.jpg","type":"image\/jpeg"}],"twitter_card":"summary_large_image","twitter_misc":{"Gesch\u00e4tzte Lesezeit":"1\u00a0Minute"},"schema":{"@context":"https:\/\/schema.org","@graph":[{"@type":"WebPage","@id":"https:\/\/anigreat.starter-creative.fr\/de\/geschaeft\/natuerliche-hundeernaehrung\/leinoel-250-ml\/","url":"https:\/\/anigreat.starter-creative.fr\/de\/geschaeft\/natuerliche-hundeernaehrung\/leinoel-250-ml\/","name":"Lein\u00f6l 250 ml | AniGreat","isPartOf":{"@id":"https:\/\/anigreat.starter-creative.fr\/de\/#website"},"primaryImageOfPage":{"@id":"https:\/\/anigreat.starter-creative.fr\/de\/geschaeft\/natuerliche-hundeernaehrung\/leinoel-250-ml\/#primaryimage"},"image":{"@id":"https:\/\/anigreat.starter-creative.fr\/de\/geschaeft\/natuerliche-hundeernaehrung\/leinoel-250-ml\/#primaryimage"},"thumbnailUrl":"https:\/\/anigreat.starter-creative.fr\/wp-content\/uploads\/2025\/04\/AniGreat_l_2.jpg","datePublished":"2025-04-24T15:41:54+00:00","dateModified":"2025-07-23T13:57:56+00:00","breadcrumb":{"@id":"https:\/\/anigreat.starter-creative.fr\/de\/geschaeft\/natuerliche-hundeernaehrung\/leinoel-250-ml\/#breadcrumb"},"inLanguage":"de","potentialAction":[{"@type":"ReadAction","target":["https:\/\/anigreat.starter-creative.fr\/de\/geschaeft\/natuerliche-hundeernaehrung\/leinoel-250-ml\/"]}]},{"@type":"ImageObject","inLanguage":"de","@id":"https:\/\/anigreat.starter-creative.fr\/de\/geschaeft\/natuerliche-hundeernaehrung\/leinoel-250-ml\/#primaryimage","url":"https:\/\/anigreat.starter-creative.fr\/wp-content\/uploads\/2025\/04\/AniGreat_l_2.jpg","contentUrl":"https:\/\/anigreat.starter-creative.fr\/wp-content\/uploads\/2025\/04\/AniGreat_l_2.jpg","width":1067,"height":1200},{"@type":"BreadcrumbList","@id":"https:\/\/anigreat.starter-creative.fr\/de\/geschaeft\/natuerliche-hundeernaehrung\/leinoel-250-ml\/#breadcrumb","itemListElement":[{"@type":"ListItem","position":1,"name":"Heim","item":"https:\/\/anigreat.starter-creative.fr\/de\/"},{"@type":"ListItem","position":2,"name":"Shop","item":"https:\/\/anigreat.starter-creative.fr\/de\/shop\/"},{"@type":"ListItem","position":3,"name":"Lein\u00f6l 250 ml"}]},{"@type":"WebSite","@id":"https:\/\/anigreat.starter-creative.fr\/de\/#website","url":"https:\/\/anigreat.starter-creative.fr\/de\/","name":"Anigreat","description":"Premium Pet Food","publisher":{"@id":"https:\/\/anigreat.starter-creative.fr\/de\/#organization"},"potentialAction":[{"@type":"SearchAction","target":{"@type":"EntryPoint","urlTemplate":"https:\/\/anigreat.starter-creative.fr\/de\/?s={search_term_string}"},"query-input":{"@type":"PropertyValueSpecification","valueRequired":true,"valueName":"search_term_string"}}],"inLanguage":"de"},{"@type":"Organization","@id":"https:\/\/anigreat.starter-creative.fr\/de\/#organization","name":"Anigreat","url":"https:\/\/anigreat.starter-creative.fr\/de\/","logo":{"@type":"ImageObject","inLanguage":"de","@id":"https:\/\/anigreat.starter-creative.fr\/de\/#\/schema\/logo\/image\/","url":"https:\/\/anigreat.starter-creative.fr\/wp-content\/uploads\/2025\/04\/logo.png","contentUrl":"https:\/\/anigreat.starter-creative.fr\/wp-content\/uploads\/2025\/04\/logo.png","width":500,"height":221,"caption":"Anigreat"},"image":{"@id":"https:\/\/anigreat.starter-creative.fr\/de\/#\/schema\/logo\/image\/"}}]}},"_links":{"self":[{"href":"https:\/\/anigreat.starter-creative.fr\/de\/wp-json\/wp\/v2\/product\/28296","targetHints":{"allow":["GET"]}}],"collection":[{"href":"https:\/\/anigreat.starter-creative.fr\/de\/wp-json\/wp\/v2\/product"}],"about":[{"href":"https:\/\/anigreat.starter-creative.fr\/de\/wp-json\/wp\/v2\/types\/product"}],"replies":[{"embeddable":true,"href":"https:\/\/anigreat.starter-creative.fr\/de\/wp-json\/wp\/v2\/comments?post=28296"}],"version-history":[{"count":3,"href":"https:\/\/anigreat.starter-creative.fr\/de\/wp-json\/wp\/v2\/product\/28296\/revisions"}],"predecessor-version":[{"id":29175,"href":"https:\/\/anigreat.starter-creative.fr\/de\/wp-json\/wp\/v2\/product\/28296\/revisions\/29175"}],"wp:featuredmedia":[{"embeddable":true,"href":"https:\/\/anigreat.starter-creative.fr\/de\/wp-json\/wp\/v2\/media\/28292"}],"wp:attachment":[{"href":"https:\/\/anigreat.starter-creative.fr\/de\/wp-json\/wp\/v2\/media?parent=28296"}],"wp:term":[{"taxonomy":"product_brand","embeddable":true,"href":"https:\/\/anigreat.starter-creative.fr\/de\/wp-json\/wp\/v2\/product_brand?post=28296"},{"taxonomy":"product_cat","embeddable":true,"href":"https:\/\/anigreat.starter-creative.fr\/de\/wp-json\/wp\/v2\/product_cat?post=28296"},{"taxonomy":"product_tag","embeddable":true,"href":"https:\/\/anigreat.starter-creative.fr\/de\/wp-json\/wp\/v2\/product_tag?post=28296"}],"curies":[{"name":"wp","href":"https:\/\/api.w.org\/{rel}","templated":true}]}}