{"id":28271,"date":"2025-04-24T17:41:38","date_gmt":"2025-04-24T15:41:38","guid":{"rendered":"https:\/\/anigreat.starter-creative.fr\/product\/anigreat-komplex-snacks-100-g\/"},"modified":"2025-07-23T16:03:55","modified_gmt":"2025-07-23T14:03:55","slug":"anigreat-komplex-snacks-100-g","status":"publish","type":"product","link":"https:\/\/anigreat.starter-creative.fr\/de\/geschaeft\/natuerliche-hundeernaehrung\/anigreat-komplex-snacks-100-g\/","title":{"rendered":"ANIGREAT\u00ae Komplex Snacks 100 g"},"content":{"rendered":"<p><b>ANIGREAT\u00ae Premium Pet Snack KOMPLEX \u2013 Die ganzheitliche Belohnung f\u00fcr Wohlbefinden und Balance<\/b><\/p>\n<p>Erg\u00e4nzungsfuttermittel f\u00fcr Hunde &amp; Katzen<\/p>\n<p>Haustiere sind tagt\u00e4glich verschiedenen Belastungen ausgesetzt \u2013 sei es durch Stress, Verdauungsprobleme oder Herausforderungen f\u00fcr das Immunsystem. ANIGREAT\u00ae Premium Pet Snack KOMPLEX kombiniert sorgf\u00e4ltig ausgew\u00e4hlte Inhaltsstoffe, um das allgemeine Wohlbefinden zu f\u00f6rdern und K\u00f6rper sowie Geist optimal zu unterst\u00fctzen.<\/p>\n<p>\u2714 40 % frisch zubereitete Ente und 24 % frisch zubereitetes Huhn<br \/>\n\u2714 Knochenf\u00f6rmige Leckerei \u2013 ideal beim Training oder als gesunde Belohnung<br \/>\n\u2714 Enth\u00e4lt Lavendel &amp; Kamille \u2013 bekannt f\u00fcr ihre beruhigenden Eigenschaften<br \/>\n\u2714 Pr\u00e4biotika MOS &amp; FOS \u2013 unterst\u00fctzen eine gesunde Darmflora und N\u00e4hrstoffaufnahme<br \/>\n\u2714 Zellulose &amp; Ballaststoffe \u2013 f\u00f6rdern eine geregelte Verdauung<br \/>\n\u2714 Betaglukane \u2013 st\u00e4rken die k\u00f6rpereigene Abwehr und das Immunsystem<br \/>\n\u2714 Fisch\u00f6l als Omega-3-Quelle \u2013 mit EPA und DHA f\u00fcr Haut, Fell und kognitive Funktionen<br \/>\n\u2714 Nukleotide \u2013 essentiell f\u00fcr die Zellregeneration und das allgemeine Wohlbefinden<br \/>\n\u2714 Getreidefrei, k\u00fcnstlichen Farb- und Konservierungsstoffen<\/p>\n<p>Warum ANIGREAT\u00ae KOMPLEX?<br \/>\nDie Gesundheit eines Tieres ist ein Zusammenspiel vieler Faktoren \u2013 Verdauung, Immunsystem und innere Ruhe sind eng miteinander verbunden. Dieses Rezept wurde entwickelt, um das Gleichgewicht zu unterst\u00fctzen, Stress und Unwohlsein zu reduzieren sowie das allgemeine Wohlbefinden nachhaltig zu f\u00f6rdern.<\/p>\n<p>F\u00fctterungsempfehlung:<br \/>\nAls Snack oder Belohnung zwischen den Mahlzeiten f\u00fcttern. Bitte immer ausreichend frisches Wasser bereitstellen.<\/p>\n","protected":false},"excerpt":{"rendered":"<p>ANIGREAT\u00ae Komplex Snacks<\/p>\n","protected":false},"featured_media":28267,"comment_status":"open","ping_status":"closed","template":"","meta":[],"product_brand":[],"product_cat":[95,97],"product_tag":[100],"class_list":{"0":"post-28271","1":"product","2":"type-product","3":"status-publish","4":"has-post-thumbnail","6":"product_cat-natuerliche-hundeernaehrung","7":"product_cat-natuerliche-katzenernaehrung","8":"product_tag-snacks","9":"has-subscription-plans","11":"first","12":"instock","13":"taxable","14":"shipping-taxable","15":"purchasable","16":"product-type-simple"},"yoast_head":"<!-- This site is optimized with the Yoast SEO plugin v26.0 - https:\/\/yoast.com\/wordpress\/plugins\/seo\/ -->\n<title>ANIGREAT\u00ae Komplex Snacks 100 g | AniGreat<\/title>\n<meta name=\"robots\" content=\"noindex, follow, max-snippet:-1, max-image-preview:large, max-video-preview:-1\" \/>\n<meta property=\"og:locale\" content=\"de_DE\" \/>\n<meta property=\"og:type\" content=\"article\" \/>\n<meta property=\"og:title\" content=\"ANIGREAT\u00ae Komplex Snacks 100 g | AniGreat\" \/>\n<meta property=\"og:description\" content=\"ANIGREAT\u00ae Komplex Snacks\" \/>\n<meta property=\"og:url\" content=\"https:\/\/anigreat.starter-creative.fr\/de\/geschaeft\/natuerliche-hundeernaehrung\/anigreat-komplex-snacks-100-g\/\" \/>\n<meta property=\"og:site_name\" content=\"AniGreat\" \/>\n<meta property=\"article:modified_time\" content=\"2025-07-23T14:03:55+00:00\" \/>\n<meta property=\"og:image\" content=\"https:\/\/anigreat.starter-creative.fr\/wp-content\/uploads\/2025\/04\/AniGreat_snack_t_te_4.jpg\" \/>\n\t<meta property=\"og:image:width\" content=\"1067\" \/>\n\t<meta property=\"og:image:height\" content=\"1200\" \/>\n\t<meta property=\"og:image:type\" content=\"image\/jpeg\" \/>\n<meta name=\"twitter:card\" content=\"summary_large_image\" \/>\n<meta name=\"twitter:label1\" content=\"Gesch\u00e4tzte Lesezeit\" \/>\n\t<meta name=\"twitter:data1\" content=\"2\u00a0Minute\" \/>\n<script type=\"application\/ld+json\" class=\"yoast-schema-graph\">{\"@context\":\"https:\/\/schema.org\",\"@graph\":[{\"@type\":\"WebPage\",\"@id\":\"https:\/\/anigreat.starter-creative.fr\/de\/geschaeft\/natuerliche-hundeernaehrung\/anigreat-komplex-snacks-100-g\/\",\"url\":\"https:\/\/anigreat.starter-creative.fr\/de\/geschaeft\/natuerliche-hundeernaehrung\/anigreat-komplex-snacks-100-g\/\",\"name\":\"ANIGREAT\u00ae Komplex Snacks 100 g | AniGreat\",\"isPartOf\":{\"@id\":\"https:\/\/anigreat.starter-creative.fr\/de\/#website\"},\"primaryImageOfPage\":{\"@id\":\"https:\/\/anigreat.starter-creative.fr\/de\/geschaeft\/natuerliche-hundeernaehrung\/anigreat-komplex-snacks-100-g\/#primaryimage\"},\"image\":{\"@id\":\"https:\/\/anigreat.starter-creative.fr\/de\/geschaeft\/natuerliche-hundeernaehrung\/anigreat-komplex-snacks-100-g\/#primaryimage\"},\"thumbnailUrl\":\"https:\/\/anigreat.starter-creative.fr\/wp-content\/uploads\/2025\/04\/AniGreat_snack_t_te_4.jpg\",\"datePublished\":\"2025-04-24T15:41:38+00:00\",\"dateModified\":\"2025-07-23T14:03:55+00:00\",\"breadcrumb\":{\"@id\":\"https:\/\/anigreat.starter-creative.fr\/de\/geschaeft\/natuerliche-hundeernaehrung\/anigreat-komplex-snacks-100-g\/#breadcrumb\"},\"inLanguage\":\"de\",\"potentialAction\":[{\"@type\":\"ReadAction\",\"target\":[\"https:\/\/anigreat.starter-creative.fr\/de\/geschaeft\/natuerliche-hundeernaehrung\/anigreat-komplex-snacks-100-g\/\"]}]},{\"@type\":\"ImageObject\",\"inLanguage\":\"de\",\"@id\":\"https:\/\/anigreat.starter-creative.fr\/de\/geschaeft\/natuerliche-hundeernaehrung\/anigreat-komplex-snacks-100-g\/#primaryimage\",\"url\":\"https:\/\/anigreat.starter-creative.fr\/wp-content\/uploads\/2025\/04\/AniGreat_snack_t_te_4.jpg\",\"contentUrl\":\"https:\/\/anigreat.starter-creative.fr\/wp-content\/uploads\/2025\/04\/AniGreat_snack_t_te_4.jpg\",\"width\":1067,\"height\":1200},{\"@type\":\"BreadcrumbList\",\"@id\":\"https:\/\/anigreat.starter-creative.fr\/de\/geschaeft\/natuerliche-hundeernaehrung\/anigreat-komplex-snacks-100-g\/#breadcrumb\",\"itemListElement\":[{\"@type\":\"ListItem\",\"position\":1,\"name\":\"Heim\",\"item\":\"https:\/\/anigreat.starter-creative.fr\/de\/\"},{\"@type\":\"ListItem\",\"position\":2,\"name\":\"Shop\",\"item\":\"https:\/\/anigreat.starter-creative.fr\/de\/shop\/\"},{\"@type\":\"ListItem\",\"position\":3,\"name\":\"ANIGREAT\u00ae Komplex Snacks 100 g\"}]},{\"@type\":\"WebSite\",\"@id\":\"https:\/\/anigreat.starter-creative.fr\/de\/#website\",\"url\":\"https:\/\/anigreat.starter-creative.fr\/de\/\",\"name\":\"Anigreat\",\"description\":\"Premium Pet Food\",\"publisher\":{\"@id\":\"https:\/\/anigreat.starter-creative.fr\/de\/#organization\"},\"potentialAction\":[{\"@type\":\"SearchAction\",\"target\":{\"@type\":\"EntryPoint\",\"urlTemplate\":\"https:\/\/anigreat.starter-creative.fr\/de\/?s={search_term_string}\"},\"query-input\":{\"@type\":\"PropertyValueSpecification\",\"valueRequired\":true,\"valueName\":\"search_term_string\"}}],\"inLanguage\":\"de\"},{\"@type\":\"Organization\",\"@id\":\"https:\/\/anigreat.starter-creative.fr\/de\/#organization\",\"name\":\"Anigreat\",\"url\":\"https:\/\/anigreat.starter-creative.fr\/de\/\",\"logo\":{\"@type\":\"ImageObject\",\"inLanguage\":\"de\",\"@id\":\"https:\/\/anigreat.starter-creative.fr\/de\/#\/schema\/logo\/image\/\",\"url\":\"https:\/\/anigreat.starter-creative.fr\/wp-content\/uploads\/2025\/04\/logo.png\",\"contentUrl\":\"https:\/\/anigreat.starter-creative.fr\/wp-content\/uploads\/2025\/04\/logo.png\",\"width\":500,\"height\":221,\"caption\":\"Anigreat\"},\"image\":{\"@id\":\"https:\/\/anigreat.starter-creative.fr\/de\/#\/schema\/logo\/image\/\"}}]}<\/script>\n<!-- \/ Yoast SEO plugin. -->","yoast_head_json":{"title":"ANIGREAT\u00ae Komplex Snacks 100 g | AniGreat","robots":{"index":"noindex","follow":"follow","max-snippet":"max-snippet:-1","max-image-preview":"max-image-preview:large","max-video-preview":"max-video-preview:-1"},"og_locale":"de_DE","og_type":"article","og_title":"ANIGREAT\u00ae Komplex Snacks 100 g | AniGreat","og_description":"ANIGREAT\u00ae Komplex Snacks","og_url":"https:\/\/anigreat.starter-creative.fr\/de\/geschaeft\/natuerliche-hundeernaehrung\/anigreat-komplex-snacks-100-g\/","og_site_name":"AniGreat","article_modified_time":"2025-07-23T14:03:55+00:00","og_image":[{"width":1067,"height":1200,"url":"https:\/\/anigreat.starter-creative.fr\/wp-content\/uploads\/2025\/04\/AniGreat_snack_t_te_4.jpg","type":"image\/jpeg"}],"twitter_card":"summary_large_image","twitter_misc":{"Gesch\u00e4tzte Lesezeit":"2\u00a0Minute"},"schema":{"@context":"https:\/\/schema.org","@graph":[{"@type":"WebPage","@id":"https:\/\/anigreat.starter-creative.fr\/de\/geschaeft\/natuerliche-hundeernaehrung\/anigreat-komplex-snacks-100-g\/","url":"https:\/\/anigreat.starter-creative.fr\/de\/geschaeft\/natuerliche-hundeernaehrung\/anigreat-komplex-snacks-100-g\/","name":"ANIGREAT\u00ae Komplex Snacks 100 g | AniGreat","isPartOf":{"@id":"https:\/\/anigreat.starter-creative.fr\/de\/#website"},"primaryImageOfPage":{"@id":"https:\/\/anigreat.starter-creative.fr\/de\/geschaeft\/natuerliche-hundeernaehrung\/anigreat-komplex-snacks-100-g\/#primaryimage"},"image":{"@id":"https:\/\/anigreat.starter-creative.fr\/de\/geschaeft\/natuerliche-hundeernaehrung\/anigreat-komplex-snacks-100-g\/#primaryimage"},"thumbnailUrl":"https:\/\/anigreat.starter-creative.fr\/wp-content\/uploads\/2025\/04\/AniGreat_snack_t_te_4.jpg","datePublished":"2025-04-24T15:41:38+00:00","dateModified":"2025-07-23T14:03:55+00:00","breadcrumb":{"@id":"https:\/\/anigreat.starter-creative.fr\/de\/geschaeft\/natuerliche-hundeernaehrung\/anigreat-komplex-snacks-100-g\/#breadcrumb"},"inLanguage":"de","potentialAction":[{"@type":"ReadAction","target":["https:\/\/anigreat.starter-creative.fr\/de\/geschaeft\/natuerliche-hundeernaehrung\/anigreat-komplex-snacks-100-g\/"]}]},{"@type":"ImageObject","inLanguage":"de","@id":"https:\/\/anigreat.starter-creative.fr\/de\/geschaeft\/natuerliche-hundeernaehrung\/anigreat-komplex-snacks-100-g\/#primaryimage","url":"https:\/\/anigreat.starter-creative.fr\/wp-content\/uploads\/2025\/04\/AniGreat_snack_t_te_4.jpg","contentUrl":"https:\/\/anigreat.starter-creative.fr\/wp-content\/uploads\/2025\/04\/AniGreat_snack_t_te_4.jpg","width":1067,"height":1200},{"@type":"BreadcrumbList","@id":"https:\/\/anigreat.starter-creative.fr\/de\/geschaeft\/natuerliche-hundeernaehrung\/anigreat-komplex-snacks-100-g\/#breadcrumb","itemListElement":[{"@type":"ListItem","position":1,"name":"Heim","item":"https:\/\/anigreat.starter-creative.fr\/de\/"},{"@type":"ListItem","position":2,"name":"Shop","item":"https:\/\/anigreat.starter-creative.fr\/de\/shop\/"},{"@type":"ListItem","position":3,"name":"ANIGREAT\u00ae Komplex Snacks 100 g"}]},{"@type":"WebSite","@id":"https:\/\/anigreat.starter-creative.fr\/de\/#website","url":"https:\/\/anigreat.starter-creative.fr\/de\/","name":"Anigreat","description":"Premium Pet Food","publisher":{"@id":"https:\/\/anigreat.starter-creative.fr\/de\/#organization"},"potentialAction":[{"@type":"SearchAction","target":{"@type":"EntryPoint","urlTemplate":"https:\/\/anigreat.starter-creative.fr\/de\/?s={search_term_string}"},"query-input":{"@type":"PropertyValueSpecification","valueRequired":true,"valueName":"search_term_string"}}],"inLanguage":"de"},{"@type":"Organization","@id":"https:\/\/anigreat.starter-creative.fr\/de\/#organization","name":"Anigreat","url":"https:\/\/anigreat.starter-creative.fr\/de\/","logo":{"@type":"ImageObject","inLanguage":"de","@id":"https:\/\/anigreat.starter-creative.fr\/de\/#\/schema\/logo\/image\/","url":"https:\/\/anigreat.starter-creative.fr\/wp-content\/uploads\/2025\/04\/logo.png","contentUrl":"https:\/\/anigreat.starter-creative.fr\/wp-content\/uploads\/2025\/04\/logo.png","width":500,"height":221,"caption":"Anigreat"},"image":{"@id":"https:\/\/anigreat.starter-creative.fr\/de\/#\/schema\/logo\/image\/"}}]}},"_links":{"self":[{"href":"https:\/\/anigreat.starter-creative.fr\/de\/wp-json\/wp\/v2\/product\/28271","targetHints":{"allow":["GET"]}}],"collection":[{"href":"https:\/\/anigreat.starter-creative.fr\/de\/wp-json\/wp\/v2\/product"}],"about":[{"href":"https:\/\/anigreat.starter-creative.fr\/de\/wp-json\/wp\/v2\/types\/product"}],"replies":[{"embeddable":true,"href":"https:\/\/anigreat.starter-creative.fr\/de\/wp-json\/wp\/v2\/comments?post=28271"}],"version-history":[{"count":3,"href":"https:\/\/anigreat.starter-creative.fr\/de\/wp-json\/wp\/v2\/product\/28271\/revisions"}],"predecessor-version":[{"id":30351,"href":"https:\/\/anigreat.starter-creative.fr\/de\/wp-json\/wp\/v2\/product\/28271\/revisions\/30351"}],"wp:featuredmedia":[{"embeddable":true,"href":"https:\/\/anigreat.starter-creative.fr\/de\/wp-json\/wp\/v2\/media\/28267"}],"wp:attachment":[{"href":"https:\/\/anigreat.starter-creative.fr\/de\/wp-json\/wp\/v2\/media?parent=28271"}],"wp:term":[{"taxonomy":"product_brand","embeddable":true,"href":"https:\/\/anigreat.starter-creative.fr\/de\/wp-json\/wp\/v2\/product_brand?post=28271"},{"taxonomy":"product_cat","embeddable":true,"href":"https:\/\/anigreat.starter-creative.fr\/de\/wp-json\/wp\/v2\/product_cat?post=28271"},{"taxonomy":"product_tag","embeddable":true,"href":"https:\/\/anigreat.starter-creative.fr\/de\/wp-json\/wp\/v2\/product_tag?post=28271"}],"curies":[{"name":"wp","href":"https:\/\/api.w.org\/{rel}","templated":true}]}}