{"id":28255,"date":"2025-04-24T17:41:28","date_gmt":"2025-04-24T15:41:28","guid":{"rendered":"https:\/\/anigreat.starter-creative.fr\/product\/verdauungsfoerdernde-snacks-100-g\/"},"modified":"2025-07-23T16:08:27","modified_gmt":"2025-07-23T14:08:27","slug":"verdauungsfoerdernde-snacks-100-g","status":"publish","type":"product","link":"https:\/\/anigreat.starter-creative.fr\/de\/geschaeft\/natuerliche-hundeernaehrung\/verdauungsfoerdernde-snacks-100-g\/","title":{"rendered":"Verdauungsf\u00f6rdernde Snacks 100 g"},"content":{"rendered":"<p><b>ANIGREAT\u00ae PREMIUM PET SNACK VERDAUUNGSF\u00d6RDERND<\/b><br \/>\nEnte &amp; Huhn<\/p>\n<p>Erg\u00e4nzungsfuttermittel f\u00fcr Hunde &amp; Katzen<\/p>\n<p>Eine gesunde Verdauung ist entscheidend f\u00fcr das Wohlbefinden deines Haustiers.<br \/>\nDieser Premium-Snack mit Ente und Huhn wurde speziell entwickelt, um eine gesunde Darmflora zu unterst\u00fctzen, die N\u00e4hrstoffaufnahme zu optimieren und den Magen-Darm-Trakt zu st\u00e4rken. Pr\u00e4biotika, Probiotika und Ballaststoffe helfen, die Darmbewegung zu f\u00f6rdern und eine ausgeglichene Verdauung zu unterst\u00fctzen.<\/p>\n<p>\u2714 40 % frisch zubereitete Ente und 24 % frisch zubereitetes Huhn<br \/>\n\u2714 Knochenf\u00f6rmige Leckerei \u2013 ideal als Belohnung<br \/>\n\u2714 Enth\u00e4lt Pr\u00e4biotika MOS &amp; FOS zur Unterst\u00fctzung gesunder Darmbakterien<br \/>\n\u2714 Zusatz von Probiotika f\u00fcr eine stabile und gesunde Darmflora<br \/>\n\u2714 Hoher Ballaststoffanteil zur F\u00f6rderung einer guten Darmbewegung und festen Stuhlkonsistenz<br \/>\n\u2714 Zellulose zur Unterst\u00fctzung der Verdauung und Gewichtskontrolle<br \/>\n\u2714 Nukleotide zur F\u00f6rderung der Erneuerung von Darmzellen<br \/>\n\u2714 Ohne Getreidezusatz \u2013 auch f\u00fcr sensible Tiere geeignet<br \/>\n\u2714 Frei von k\u00fcnstlichen Farb- und Konservierungsstoffen<\/p>\n<p><b>Warum verdauungsf\u00f6rdernd?<\/b><br \/>\nEine gesunde Verdauung ist essenziell, damit dein Haustier alle notwendigen N\u00e4hrstoffe optimal aufnehmen kann.<br \/>\nDieses Rezept wurde speziell entwickelt, um die Darmbewegung zu regulieren und das Wachstum n\u00fctzlicher Bakterien zu f\u00f6rdern \u2013 beides ist entscheidend f\u00fcr eine stabile Magen-Darm-Gesundheit.<\/p>\n<p><b>Zusammensetzung:<\/b><br \/>\n40 % frisch zubereitete Ente, 24 % frisch zubereitetes Huhn, Kartoffeln, Erbsen, Kichererbsen, MOS (Mannanoligosaccharide), FOS (Fructooligosaccharide), Probiotika, Zellulose, Ballaststoffe, Nukleotide, Vitamine und Mineralstoffe.<\/p>\n<p><b>F\u00fctterungsempfehlung:<\/b><br \/>\nAls Snack oder Belohnung zwischen den Mahlzeiten f\u00fcttern. Bitte immer ausreichend frisches Wasser bereitstellen.<\/p>\n","protected":false},"excerpt":{"rendered":"<p>Verdauungsf\u00f6rdernde Snacks<\/p>\n","protected":false},"featured_media":0,"comment_status":"open","ping_status":"closed","template":"","meta":[],"product_brand":[],"product_cat":[95,97],"product_tag":[100],"class_list":{"0":"post-28255","1":"product","2":"type-product","3":"status-publish","5":"product_cat-natuerliche-hundeernaehrung","6":"product_cat-natuerliche-katzenernaehrung","7":"product_tag-snacks","8":"has-subscription-plans","10":"first","11":"instock","12":"taxable","13":"shipping-taxable","14":"purchasable","15":"product-type-simple"},"yoast_head":"<!-- This site is optimized with the Yoast SEO plugin v26.0 - https:\/\/yoast.com\/wordpress\/plugins\/seo\/ -->\n<title>Verdauungsf\u00f6rdernde Snacks 100 g | AniGreat<\/title>\n<meta name=\"robots\" content=\"noindex, follow, max-snippet:-1, max-image-preview:large, max-video-preview:-1\" \/>\n<meta property=\"og:locale\" content=\"de_DE\" \/>\n<meta property=\"og:type\" content=\"article\" \/>\n<meta property=\"og:title\" content=\"Verdauungsf\u00f6rdernde Snacks 100 g | AniGreat\" \/>\n<meta property=\"og:description\" content=\"Verdauungsf\u00f6rdernde Snacks\" \/>\n<meta property=\"og:url\" content=\"https:\/\/anigreat.starter-creative.fr\/de\/geschaeft\/natuerliche-hundeernaehrung\/verdauungsfoerdernde-snacks-100-g\/\" \/>\n<meta property=\"og:site_name\" content=\"AniGreat\" \/>\n<meta property=\"article:modified_time\" content=\"2025-07-23T14:08:27+00:00\" \/>\n<meta property=\"og:image\" content=\"https:\/\/anigreat.starter-creative.fr\/wp-content\/uploads\/2025\/04\/logo.png\" \/>\n\t<meta property=\"og:image:width\" content=\"500\" \/>\n\t<meta property=\"og:image:height\" content=\"221\" \/>\n\t<meta property=\"og:image:type\" content=\"image\/png\" \/>\n<meta name=\"twitter:card\" content=\"summary_large_image\" \/>\n<meta name=\"twitter:label1\" content=\"Gesch\u00e4tzte Lesezeit\" \/>\n\t<meta name=\"twitter:data1\" content=\"2\u00a0Minute\" \/>\n<script type=\"application\/ld+json\" class=\"yoast-schema-graph\">{\"@context\":\"https:\/\/schema.org\",\"@graph\":[{\"@type\":\"WebPage\",\"@id\":\"https:\/\/anigreat.starter-creative.fr\/de\/geschaeft\/natuerliche-hundeernaehrung\/verdauungsfoerdernde-snacks-100-g\/\",\"url\":\"https:\/\/anigreat.starter-creative.fr\/de\/geschaeft\/natuerliche-hundeernaehrung\/verdauungsfoerdernde-snacks-100-g\/\",\"name\":\"Verdauungsf\u00f6rdernde Snacks 100 g | AniGreat\",\"isPartOf\":{\"@id\":\"https:\/\/anigreat.starter-creative.fr\/de\/#website\"},\"datePublished\":\"2025-04-24T15:41:28+00:00\",\"dateModified\":\"2025-07-23T14:08:27+00:00\",\"breadcrumb\":{\"@id\":\"https:\/\/anigreat.starter-creative.fr\/de\/geschaeft\/natuerliche-hundeernaehrung\/verdauungsfoerdernde-snacks-100-g\/#breadcrumb\"},\"inLanguage\":\"de\",\"potentialAction\":[{\"@type\":\"ReadAction\",\"target\":[\"https:\/\/anigreat.starter-creative.fr\/de\/geschaeft\/natuerliche-hundeernaehrung\/verdauungsfoerdernde-snacks-100-g\/\"]}]},{\"@type\":\"BreadcrumbList\",\"@id\":\"https:\/\/anigreat.starter-creative.fr\/de\/geschaeft\/natuerliche-hundeernaehrung\/verdauungsfoerdernde-snacks-100-g\/#breadcrumb\",\"itemListElement\":[{\"@type\":\"ListItem\",\"position\":1,\"name\":\"Heim\",\"item\":\"https:\/\/anigreat.starter-creative.fr\/de\/\"},{\"@type\":\"ListItem\",\"position\":2,\"name\":\"Shop\",\"item\":\"https:\/\/anigreat.starter-creative.fr\/de\/shop\/\"},{\"@type\":\"ListItem\",\"position\":3,\"name\":\"Verdauungsf\u00f6rdernde Snacks 100 g\"}]},{\"@type\":\"WebSite\",\"@id\":\"https:\/\/anigreat.starter-creative.fr\/de\/#website\",\"url\":\"https:\/\/anigreat.starter-creative.fr\/de\/\",\"name\":\"Anigreat\",\"description\":\"Premium Pet Food\",\"publisher\":{\"@id\":\"https:\/\/anigreat.starter-creative.fr\/de\/#organization\"},\"potentialAction\":[{\"@type\":\"SearchAction\",\"target\":{\"@type\":\"EntryPoint\",\"urlTemplate\":\"https:\/\/anigreat.starter-creative.fr\/de\/?s={search_term_string}\"},\"query-input\":{\"@type\":\"PropertyValueSpecification\",\"valueRequired\":true,\"valueName\":\"search_term_string\"}}],\"inLanguage\":\"de\"},{\"@type\":\"Organization\",\"@id\":\"https:\/\/anigreat.starter-creative.fr\/de\/#organization\",\"name\":\"Anigreat\",\"url\":\"https:\/\/anigreat.starter-creative.fr\/de\/\",\"logo\":{\"@type\":\"ImageObject\",\"inLanguage\":\"de\",\"@id\":\"https:\/\/anigreat.starter-creative.fr\/de\/#\/schema\/logo\/image\/\",\"url\":\"https:\/\/anigreat.starter-creative.fr\/wp-content\/uploads\/2025\/04\/logo.png\",\"contentUrl\":\"https:\/\/anigreat.starter-creative.fr\/wp-content\/uploads\/2025\/04\/logo.png\",\"width\":500,\"height\":221,\"caption\":\"Anigreat\"},\"image\":{\"@id\":\"https:\/\/anigreat.starter-creative.fr\/de\/#\/schema\/logo\/image\/\"}}]}<\/script>\n<!-- \/ Yoast SEO plugin. -->","yoast_head_json":{"title":"Verdauungsf\u00f6rdernde Snacks 100 g | AniGreat","robots":{"index":"noindex","follow":"follow","max-snippet":"max-snippet:-1","max-image-preview":"max-image-preview:large","max-video-preview":"max-video-preview:-1"},"og_locale":"de_DE","og_type":"article","og_title":"Verdauungsf\u00f6rdernde Snacks 100 g | AniGreat","og_description":"Verdauungsf\u00f6rdernde Snacks","og_url":"https:\/\/anigreat.starter-creative.fr\/de\/geschaeft\/natuerliche-hundeernaehrung\/verdauungsfoerdernde-snacks-100-g\/","og_site_name":"AniGreat","article_modified_time":"2025-07-23T14:08:27+00:00","og_image":[{"width":500,"height":221,"url":"https:\/\/anigreat.starter-creative.fr\/wp-content\/uploads\/2025\/04\/logo.png","type":"image\/png"}],"twitter_card":"summary_large_image","twitter_misc":{"Gesch\u00e4tzte Lesezeit":"2\u00a0Minute"},"schema":{"@context":"https:\/\/schema.org","@graph":[{"@type":"WebPage","@id":"https:\/\/anigreat.starter-creative.fr\/de\/geschaeft\/natuerliche-hundeernaehrung\/verdauungsfoerdernde-snacks-100-g\/","url":"https:\/\/anigreat.starter-creative.fr\/de\/geschaeft\/natuerliche-hundeernaehrung\/verdauungsfoerdernde-snacks-100-g\/","name":"Verdauungsf\u00f6rdernde Snacks 100 g | AniGreat","isPartOf":{"@id":"https:\/\/anigreat.starter-creative.fr\/de\/#website"},"datePublished":"2025-04-24T15:41:28+00:00","dateModified":"2025-07-23T14:08:27+00:00","breadcrumb":{"@id":"https:\/\/anigreat.starter-creative.fr\/de\/geschaeft\/natuerliche-hundeernaehrung\/verdauungsfoerdernde-snacks-100-g\/#breadcrumb"},"inLanguage":"de","potentialAction":[{"@type":"ReadAction","target":["https:\/\/anigreat.starter-creative.fr\/de\/geschaeft\/natuerliche-hundeernaehrung\/verdauungsfoerdernde-snacks-100-g\/"]}]},{"@type":"BreadcrumbList","@id":"https:\/\/anigreat.starter-creative.fr\/de\/geschaeft\/natuerliche-hundeernaehrung\/verdauungsfoerdernde-snacks-100-g\/#breadcrumb","itemListElement":[{"@type":"ListItem","position":1,"name":"Heim","item":"https:\/\/anigreat.starter-creative.fr\/de\/"},{"@type":"ListItem","position":2,"name":"Shop","item":"https:\/\/anigreat.starter-creative.fr\/de\/shop\/"},{"@type":"ListItem","position":3,"name":"Verdauungsf\u00f6rdernde Snacks 100 g"}]},{"@type":"WebSite","@id":"https:\/\/anigreat.starter-creative.fr\/de\/#website","url":"https:\/\/anigreat.starter-creative.fr\/de\/","name":"Anigreat","description":"Premium Pet Food","publisher":{"@id":"https:\/\/anigreat.starter-creative.fr\/de\/#organization"},"potentialAction":[{"@type":"SearchAction","target":{"@type":"EntryPoint","urlTemplate":"https:\/\/anigreat.starter-creative.fr\/de\/?s={search_term_string}"},"query-input":{"@type":"PropertyValueSpecification","valueRequired":true,"valueName":"search_term_string"}}],"inLanguage":"de"},{"@type":"Organization","@id":"https:\/\/anigreat.starter-creative.fr\/de\/#organization","name":"Anigreat","url":"https:\/\/anigreat.starter-creative.fr\/de\/","logo":{"@type":"ImageObject","inLanguage":"de","@id":"https:\/\/anigreat.starter-creative.fr\/de\/#\/schema\/logo\/image\/","url":"https:\/\/anigreat.starter-creative.fr\/wp-content\/uploads\/2025\/04\/logo.png","contentUrl":"https:\/\/anigreat.starter-creative.fr\/wp-content\/uploads\/2025\/04\/logo.png","width":500,"height":221,"caption":"Anigreat"},"image":{"@id":"https:\/\/anigreat.starter-creative.fr\/de\/#\/schema\/logo\/image\/"}}]}},"_links":{"self":[{"href":"https:\/\/anigreat.starter-creative.fr\/de\/wp-json\/wp\/v2\/product\/28255","targetHints":{"allow":["GET"]}}],"collection":[{"href":"https:\/\/anigreat.starter-creative.fr\/de\/wp-json\/wp\/v2\/product"}],"about":[{"href":"https:\/\/anigreat.starter-creative.fr\/de\/wp-json\/wp\/v2\/types\/product"}],"replies":[{"embeddable":true,"href":"https:\/\/anigreat.starter-creative.fr\/de\/wp-json\/wp\/v2\/comments?post=28255"}],"version-history":[{"count":2,"href":"https:\/\/anigreat.starter-creative.fr\/de\/wp-json\/wp\/v2\/product\/28255\/revisions"}],"predecessor-version":[{"id":29050,"href":"https:\/\/anigreat.starter-creative.fr\/de\/wp-json\/wp\/v2\/product\/28255\/revisions\/29050"}],"wp:attachment":[{"href":"https:\/\/anigreat.starter-creative.fr\/de\/wp-json\/wp\/v2\/media?parent=28255"}],"wp:term":[{"taxonomy":"product_brand","embeddable":true,"href":"https:\/\/anigreat.starter-creative.fr\/de\/wp-json\/wp\/v2\/product_brand?post=28255"},{"taxonomy":"product_cat","embeddable":true,"href":"https:\/\/anigreat.starter-creative.fr\/de\/wp-json\/wp\/v2\/product_cat?post=28255"},{"taxonomy":"product_tag","embeddable":true,"href":"https:\/\/anigreat.starter-creative.fr\/de\/wp-json\/wp\/v2\/product_tag?post=28255"}],"curies":[{"name":"wp","href":"https:\/\/api.w.org\/{rel}","templated":true}]}}