{"id":27978,"date":"2025-04-24T17:37:50","date_gmt":"2025-04-24T15:37:50","guid":{"rendered":"https:\/\/anigreat.starter-creative.fr\/product\/lamm-mit-apfel-suesskartoffel-400-g\/"},"modified":"2025-09-25T08:55:58","modified_gmt":"2025-09-25T06:55:58","slug":"lamm-mit-apfel-suesskartoffel","status":"publish","type":"product","link":"https:\/\/anigreat.starter-creative.fr\/de\/geschaeft\/natuerliche-hundeernaehrung\/lamm-mit-apfel-suesskartoffel\/","title":{"rendered":"Lamm mit Apfel &#038; S\u00fc\u00dfkartoffel Premium"},"content":{"rendered":"<p><b>ANIGREAT\u00ae Premium Pet Food \u2013 Lamm mit Apfel &amp; S\u00fc\u00dfkartoffel Premium \ud83d\udc11\ud83c\udf60\ud83c\udf4f<\/b><\/p>\n<p>Spezialmen\u00fc f\u00fcr eine ausgewogene Ern\u00e4hrung &amp; gesunde Vitalit\u00e4t<\/p>\n<p>Unsere Premium-Wurst mit Lamm, S\u00fc\u00dfkartoffel, Apfel &amp; feinen Kr\u00e4utern bietet eine n\u00e4hrstoffreiche, gut verdauliche Mahlzeit \u2013 ideal f\u00fcr eine bewusste, getreidefreie Ern\u00e4hrung.<\/p>\n<p>\u2714 90 % Lammfleisch &amp; Innereien \u2013 hochwertige Proteinquelle f\u00fcr starke Muskeln &amp; Vitalit\u00e4t.<br \/>\n\u2714 S\u00fc\u00dfkartoffel als sanfte Kohlenhydratquelle \u2013 getreidefrei &amp; leicht verdaulich.<br \/>\n\u2714 Apfel &amp; Kr\u00e4uter f\u00fcr nat\u00fcrliche Vitalstoffe \u2013 unterst\u00fctzt das Immunsystem &amp; die Verdauung.<br \/>\n\u2714 Kaltgepresstes Distel\u00f6l f\u00fcr gesunde Haut &amp; gl\u00e4nzendes Fell \u2013 reich an essenziellen Fetts\u00e4uren.<br \/>\n\u2714 100 % Naturprodukt \u2013 schonend dampfgegart, ohne k\u00fcnstliche Zus\u00e4tze oder F\u00fcllstoffe.<br \/>\n\u2714 Nachhaltige Verpackung \u2013 weniger Verpackungsm\u00fcll durch praktischen Wurstdarm.<\/p>\n<p>Gut bek\u00f6mmlich, getreidefrei &amp; voller Geschmack \u2013 weil wir Tiere lieben\u00a0\u2764\ufe0f\ud83d\udc3e<\/p>\n<p><b>\ud83d\udccc Lagerung &amp; F\u00fctterung:<br \/>\n<\/b>Nach dem \u00d6ffnen k\u00fchl lagern &amp; innerhalb von 36 Stunden verbrauchen.<br \/>\nF\u00fcr optimale Akzeptanz ca. 1 Stunde vor F\u00fctterung auf Zimmertemperatur bringen.<br \/>\nWelpen bis zum 7. Monat ben\u00f6tigen eine zus\u00e4tzliche Calciumquelle zur optimalen Entwicklung.<\/p>\n","protected":false},"excerpt":{"rendered":"<p>Lamm mit Apfel &amp; S\u00fc\u00dfkartoffel Premium<\/p>\n","protected":false},"featured_media":27974,"comment_status":"open","ping_status":"closed","template":"","meta":[],"product_brand":[],"product_cat":[95],"product_tag":[99],"class_list":{"0":"post-27978","1":"product","2":"type-product","3":"status-publish","4":"has-post-thumbnail","6":"product_cat-natuerliche-hundeernaehrung","7":"product_tag-wuerste","8":"has-subscription-plans","10":"first","11":"instock","12":"taxable","13":"shipping-taxable","14":"purchasable","15":"product-type-variable"},"yoast_head":"<!-- This site is optimized with the Yoast SEO plugin v26.0 - https:\/\/yoast.com\/wordpress\/plugins\/seo\/ -->\n<title>Lamm mit Apfel &amp; S\u00fc\u00dfkartoffel Premium | AniGreat<\/title>\n<meta name=\"robots\" content=\"noindex, follow, max-snippet:-1, max-image-preview:large, max-video-preview:-1\" \/>\n<meta property=\"og:locale\" content=\"de_DE\" \/>\n<meta property=\"og:type\" content=\"article\" \/>\n<meta property=\"og:title\" content=\"Lamm mit Apfel &amp; S\u00fc\u00dfkartoffel Premium | AniGreat\" \/>\n<meta property=\"og:description\" content=\"Lamm mit Apfel &amp; S\u00fc\u00dfkartoffel Premium\" \/>\n<meta property=\"og:url\" content=\"https:\/\/anigreat.starter-creative.fr\/de\/geschaeft\/natuerliche-hundeernaehrung\/lamm-mit-apfel-suesskartoffel\/\" \/>\n<meta property=\"og:site_name\" content=\"AniGreat\" \/>\n<meta property=\"article:modified_time\" content=\"2025-09-25T06:55:58+00:00\" \/>\n<meta property=\"og:image\" content=\"https:\/\/anigreat.starter-creative.fr\/wp-content\/uploads\/2025\/04\/AniGreat_w_rste_13.jpg\" \/>\n\t<meta property=\"og:image:width\" content=\"1067\" \/>\n\t<meta property=\"og:image:height\" content=\"1200\" \/>\n\t<meta property=\"og:image:type\" content=\"image\/jpeg\" \/>\n<meta name=\"twitter:card\" content=\"summary_large_image\" \/>\n<meta name=\"twitter:label1\" content=\"Gesch\u00e4tzte Lesezeit\" \/>\n\t<meta name=\"twitter:data1\" content=\"1\u00a0Minute\" \/>\n<script type=\"application\/ld+json\" class=\"yoast-schema-graph\">{\"@context\":\"https:\/\/schema.org\",\"@graph\":[{\"@type\":\"WebPage\",\"@id\":\"https:\/\/anigreat.starter-creative.fr\/de\/geschaeft\/natuerliche-hundeernaehrung\/lamm-mit-apfel-suesskartoffel\/\",\"url\":\"https:\/\/anigreat.starter-creative.fr\/de\/geschaeft\/natuerliche-hundeernaehrung\/lamm-mit-apfel-suesskartoffel\/\",\"name\":\"Lamm mit Apfel & S\u00fc\u00dfkartoffel Premium | AniGreat\",\"isPartOf\":{\"@id\":\"https:\/\/anigreat.starter-creative.fr\/de\/#website\"},\"primaryImageOfPage\":{\"@id\":\"https:\/\/anigreat.starter-creative.fr\/de\/geschaeft\/natuerliche-hundeernaehrung\/lamm-mit-apfel-suesskartoffel\/#primaryimage\"},\"image\":{\"@id\":\"https:\/\/anigreat.starter-creative.fr\/de\/geschaeft\/natuerliche-hundeernaehrung\/lamm-mit-apfel-suesskartoffel\/#primaryimage\"},\"thumbnailUrl\":\"https:\/\/anigreat.starter-creative.fr\/wp-content\/uploads\/2025\/04\/AniGreat_w_rste_13.jpg\",\"datePublished\":\"2025-04-24T15:37:50+00:00\",\"dateModified\":\"2025-09-25T06:55:58+00:00\",\"breadcrumb\":{\"@id\":\"https:\/\/anigreat.starter-creative.fr\/de\/geschaeft\/natuerliche-hundeernaehrung\/lamm-mit-apfel-suesskartoffel\/#breadcrumb\"},\"inLanguage\":\"de\",\"potentialAction\":[{\"@type\":\"ReadAction\",\"target\":[\"https:\/\/anigreat.starter-creative.fr\/de\/geschaeft\/natuerliche-hundeernaehrung\/lamm-mit-apfel-suesskartoffel\/\"]}]},{\"@type\":\"ImageObject\",\"inLanguage\":\"de\",\"@id\":\"https:\/\/anigreat.starter-creative.fr\/de\/geschaeft\/natuerliche-hundeernaehrung\/lamm-mit-apfel-suesskartoffel\/#primaryimage\",\"url\":\"https:\/\/anigreat.starter-creative.fr\/wp-content\/uploads\/2025\/04\/AniGreat_w_rste_13.jpg\",\"contentUrl\":\"https:\/\/anigreat.starter-creative.fr\/wp-content\/uploads\/2025\/04\/AniGreat_w_rste_13.jpg\",\"width\":1067,\"height\":1200},{\"@type\":\"BreadcrumbList\",\"@id\":\"https:\/\/anigreat.starter-creative.fr\/de\/geschaeft\/natuerliche-hundeernaehrung\/lamm-mit-apfel-suesskartoffel\/#breadcrumb\",\"itemListElement\":[{\"@type\":\"ListItem\",\"position\":1,\"name\":\"Heim\",\"item\":\"https:\/\/anigreat.starter-creative.fr\/de\/\"},{\"@type\":\"ListItem\",\"position\":2,\"name\":\"Shop\",\"item\":\"https:\/\/anigreat.starter-creative.fr\/de\/shop\/\"},{\"@type\":\"ListItem\",\"position\":3,\"name\":\"Lamm mit Apfel &#038; S\u00fc\u00dfkartoffel Premium\"}]},{\"@type\":\"WebSite\",\"@id\":\"https:\/\/anigreat.starter-creative.fr\/de\/#website\",\"url\":\"https:\/\/anigreat.starter-creative.fr\/de\/\",\"name\":\"Anigreat\",\"description\":\"Premium Pet Food\",\"publisher\":{\"@id\":\"https:\/\/anigreat.starter-creative.fr\/de\/#organization\"},\"potentialAction\":[{\"@type\":\"SearchAction\",\"target\":{\"@type\":\"EntryPoint\",\"urlTemplate\":\"https:\/\/anigreat.starter-creative.fr\/de\/?s={search_term_string}\"},\"query-input\":{\"@type\":\"PropertyValueSpecification\",\"valueRequired\":true,\"valueName\":\"search_term_string\"}}],\"inLanguage\":\"de\"},{\"@type\":\"Organization\",\"@id\":\"https:\/\/anigreat.starter-creative.fr\/de\/#organization\",\"name\":\"Anigreat\",\"url\":\"https:\/\/anigreat.starter-creative.fr\/de\/\",\"logo\":{\"@type\":\"ImageObject\",\"inLanguage\":\"de\",\"@id\":\"https:\/\/anigreat.starter-creative.fr\/de\/#\/schema\/logo\/image\/\",\"url\":\"https:\/\/anigreat.starter-creative.fr\/wp-content\/uploads\/2025\/04\/logo.png\",\"contentUrl\":\"https:\/\/anigreat.starter-creative.fr\/wp-content\/uploads\/2025\/04\/logo.png\",\"width\":500,\"height\":221,\"caption\":\"Anigreat\"},\"image\":{\"@id\":\"https:\/\/anigreat.starter-creative.fr\/de\/#\/schema\/logo\/image\/\"}}]}<\/script>\n<!-- \/ Yoast SEO plugin. -->","yoast_head_json":{"title":"Lamm mit Apfel & S\u00fc\u00dfkartoffel Premium | AniGreat","robots":{"index":"noindex","follow":"follow","max-snippet":"max-snippet:-1","max-image-preview":"max-image-preview:large","max-video-preview":"max-video-preview:-1"},"og_locale":"de_DE","og_type":"article","og_title":"Lamm mit Apfel & S\u00fc\u00dfkartoffel Premium | AniGreat","og_description":"Lamm mit Apfel &amp; S\u00fc\u00dfkartoffel Premium","og_url":"https:\/\/anigreat.starter-creative.fr\/de\/geschaeft\/natuerliche-hundeernaehrung\/lamm-mit-apfel-suesskartoffel\/","og_site_name":"AniGreat","article_modified_time":"2025-09-25T06:55:58+00:00","og_image":[{"width":1067,"height":1200,"url":"https:\/\/anigreat.starter-creative.fr\/wp-content\/uploads\/2025\/04\/AniGreat_w_rste_13.jpg","type":"image\/jpeg"}],"twitter_card":"summary_large_image","twitter_misc":{"Gesch\u00e4tzte Lesezeit":"1\u00a0Minute"},"schema":{"@context":"https:\/\/schema.org","@graph":[{"@type":"WebPage","@id":"https:\/\/anigreat.starter-creative.fr\/de\/geschaeft\/natuerliche-hundeernaehrung\/lamm-mit-apfel-suesskartoffel\/","url":"https:\/\/anigreat.starter-creative.fr\/de\/geschaeft\/natuerliche-hundeernaehrung\/lamm-mit-apfel-suesskartoffel\/","name":"Lamm mit Apfel & S\u00fc\u00dfkartoffel Premium | AniGreat","isPartOf":{"@id":"https:\/\/anigreat.starter-creative.fr\/de\/#website"},"primaryImageOfPage":{"@id":"https:\/\/anigreat.starter-creative.fr\/de\/geschaeft\/natuerliche-hundeernaehrung\/lamm-mit-apfel-suesskartoffel\/#primaryimage"},"image":{"@id":"https:\/\/anigreat.starter-creative.fr\/de\/geschaeft\/natuerliche-hundeernaehrung\/lamm-mit-apfel-suesskartoffel\/#primaryimage"},"thumbnailUrl":"https:\/\/anigreat.starter-creative.fr\/wp-content\/uploads\/2025\/04\/AniGreat_w_rste_13.jpg","datePublished":"2025-04-24T15:37:50+00:00","dateModified":"2025-09-25T06:55:58+00:00","breadcrumb":{"@id":"https:\/\/anigreat.starter-creative.fr\/de\/geschaeft\/natuerliche-hundeernaehrung\/lamm-mit-apfel-suesskartoffel\/#breadcrumb"},"inLanguage":"de","potentialAction":[{"@type":"ReadAction","target":["https:\/\/anigreat.starter-creative.fr\/de\/geschaeft\/natuerliche-hundeernaehrung\/lamm-mit-apfel-suesskartoffel\/"]}]},{"@type":"ImageObject","inLanguage":"de","@id":"https:\/\/anigreat.starter-creative.fr\/de\/geschaeft\/natuerliche-hundeernaehrung\/lamm-mit-apfel-suesskartoffel\/#primaryimage","url":"https:\/\/anigreat.starter-creative.fr\/wp-content\/uploads\/2025\/04\/AniGreat_w_rste_13.jpg","contentUrl":"https:\/\/anigreat.starter-creative.fr\/wp-content\/uploads\/2025\/04\/AniGreat_w_rste_13.jpg","width":1067,"height":1200},{"@type":"BreadcrumbList","@id":"https:\/\/anigreat.starter-creative.fr\/de\/geschaeft\/natuerliche-hundeernaehrung\/lamm-mit-apfel-suesskartoffel\/#breadcrumb","itemListElement":[{"@type":"ListItem","position":1,"name":"Heim","item":"https:\/\/anigreat.starter-creative.fr\/de\/"},{"@type":"ListItem","position":2,"name":"Shop","item":"https:\/\/anigreat.starter-creative.fr\/de\/shop\/"},{"@type":"ListItem","position":3,"name":"Lamm mit Apfel &#038; S\u00fc\u00dfkartoffel Premium"}]},{"@type":"WebSite","@id":"https:\/\/anigreat.starter-creative.fr\/de\/#website","url":"https:\/\/anigreat.starter-creative.fr\/de\/","name":"Anigreat","description":"Premium Pet Food","publisher":{"@id":"https:\/\/anigreat.starter-creative.fr\/de\/#organization"},"potentialAction":[{"@type":"SearchAction","target":{"@type":"EntryPoint","urlTemplate":"https:\/\/anigreat.starter-creative.fr\/de\/?s={search_term_string}"},"query-input":{"@type":"PropertyValueSpecification","valueRequired":true,"valueName":"search_term_string"}}],"inLanguage":"de"},{"@type":"Organization","@id":"https:\/\/anigreat.starter-creative.fr\/de\/#organization","name":"Anigreat","url":"https:\/\/anigreat.starter-creative.fr\/de\/","logo":{"@type":"ImageObject","inLanguage":"de","@id":"https:\/\/anigreat.starter-creative.fr\/de\/#\/schema\/logo\/image\/","url":"https:\/\/anigreat.starter-creative.fr\/wp-content\/uploads\/2025\/04\/logo.png","contentUrl":"https:\/\/anigreat.starter-creative.fr\/wp-content\/uploads\/2025\/04\/logo.png","width":500,"height":221,"caption":"Anigreat"},"image":{"@id":"https:\/\/anigreat.starter-creative.fr\/de\/#\/schema\/logo\/image\/"}}]}},"_links":{"self":[{"href":"https:\/\/anigreat.starter-creative.fr\/de\/wp-json\/wp\/v2\/product\/27978","targetHints":{"allow":["GET"]}}],"collection":[{"href":"https:\/\/anigreat.starter-creative.fr\/de\/wp-json\/wp\/v2\/product"}],"about":[{"href":"https:\/\/anigreat.starter-creative.fr\/de\/wp-json\/wp\/v2\/types\/product"}],"replies":[{"embeddable":true,"href":"https:\/\/anigreat.starter-creative.fr\/de\/wp-json\/wp\/v2\/comments?post=27978"}],"version-history":[{"count":4,"href":"https:\/\/anigreat.starter-creative.fr\/de\/wp-json\/wp\/v2\/product\/27978\/revisions"}],"predecessor-version":[{"id":45823,"href":"https:\/\/anigreat.starter-creative.fr\/de\/wp-json\/wp\/v2\/product\/27978\/revisions\/45823"}],"wp:featuredmedia":[{"embeddable":true,"href":"https:\/\/anigreat.starter-creative.fr\/de\/wp-json\/wp\/v2\/media\/27974"}],"wp:attachment":[{"href":"https:\/\/anigreat.starter-creative.fr\/de\/wp-json\/wp\/v2\/media?parent=27978"}],"wp:term":[{"taxonomy":"product_brand","embeddable":true,"href":"https:\/\/anigreat.starter-creative.fr\/de\/wp-json\/wp\/v2\/product_brand?post=27978"},{"taxonomy":"product_cat","embeddable":true,"href":"https:\/\/anigreat.starter-creative.fr\/de\/wp-json\/wp\/v2\/product_cat?post=27978"},{"taxonomy":"product_tag","embeddable":true,"href":"https:\/\/anigreat.starter-creative.fr\/de\/wp-json\/wp\/v2\/product_tag?post=27978"}],"curies":[{"name":"wp","href":"https:\/\/api.w.org\/{rel}","templated":true}]}}