{"id":27823,"date":"2025-04-24T17:35:50","date_gmt":"2025-04-24T15:35:50","guid":{"rendered":"https:\/\/anigreat.starter-creative.fr\/product\/ente-mit-gemuese-reis-menue-400-g\/"},"modified":"2025-09-24T17:38:21","modified_gmt":"2025-09-24T15:38:21","slug":"ente-mit-gemuese-reis-menue","status":"publish","type":"product","link":"https:\/\/anigreat.starter-creative.fr\/de\/geschaeft\/natuerliche-hundeernaehrung\/ente-mit-gemuese-reis-menue\/","title":{"rendered":"Ente mit Gem\u00fcse &#038; Reis Men\u00fc"},"content":{"rendered":"<p><b>ANIGREAT\u00ae Premium Pet Food \u2013 Ente mit Gem\u00fcse &amp; Reis Men\u00fc \ud83e\udd86\ud83e\udd66<\/b><br \/>\nLeicht verdauliches Nassfutter \u2013 ideal f\u00fcr sensible &amp; \u00e4ltere Hunde<\/p>\n<p>Unser Premium-Nassfutter mit zarter Ente, kombiniert mit feinem Gem\u00fcse &amp; Reis, bietet eine ausgewogene, bek\u00f6mmliche Mahlzeit \u2013 speziell f\u00fcr ern\u00e4hrungssensible Hunde.<\/p>\n<p>\u2714 Sanfte Schonkost \u2013 ideal f\u00fcr empfindliche M\u00e4gen &amp; verdauungssensible Hunde.<br \/>\n\u2714 Nat\u00fcrlich &amp; gut vertr\u00e4glich \u2013 glutenfrei &amp; hypoallergen, mit hochwertigem Entenfleisch.<br \/>\n\u2714 100 % nat\u00fcrlich &amp; frisch zubereitet \u2013 ohne k\u00fcnstliche Zus\u00e4tze, f\u00fcr eine artgerechte Ern\u00e4hrung.<\/p>\n<p>Leichte Nassnahrung f\u00fcr sensible Hunde \u2013 weil wir Tiere lieben\u00a0\u2764\ufe0f<\/p>\n","protected":false},"excerpt":{"rendered":"<p>Ente mit Gem\u00fcse &amp; Reis Men\u00fc<\/p>\n","protected":false},"featured_media":27819,"comment_status":"open","ping_status":"closed","template":"","meta":[],"product_brand":[],"product_cat":[95],"product_tag":[98],"class_list":{"0":"post-27823","1":"product","2":"type-product","3":"status-publish","4":"has-post-thumbnail","6":"product_cat-natuerliche-hundeernaehrung","7":"product_tag-dosen","8":"has-subscription-plans","10":"first","11":"instock","12":"taxable","13":"shipping-taxable","14":"purchasable","15":"product-type-variable"},"yoast_head":"<!-- This site is optimized with the Yoast SEO plugin v26.0 - https:\/\/yoast.com\/wordpress\/plugins\/seo\/ -->\n<title>Ente mit Gem\u00fcse &amp; Reis Men\u00fc | AniGreat<\/title>\n<meta name=\"robots\" content=\"noindex, follow, max-snippet:-1, max-image-preview:large, max-video-preview:-1\" \/>\n<meta property=\"og:locale\" content=\"de_DE\" \/>\n<meta property=\"og:type\" content=\"article\" \/>\n<meta property=\"og:title\" content=\"Ente mit Gem\u00fcse &amp; Reis Men\u00fc | AniGreat\" \/>\n<meta property=\"og:description\" content=\"Ente mit Gem\u00fcse &amp; Reis Men\u00fc\" \/>\n<meta property=\"og:url\" content=\"https:\/\/anigreat.starter-creative.fr\/de\/geschaeft\/natuerliche-hundeernaehrung\/ente-mit-gemuese-reis-menue\/\" \/>\n<meta property=\"og:site_name\" content=\"AniGreat\" \/>\n<meta property=\"article:modified_time\" content=\"2025-09-24T15:38:21+00:00\" \/>\n<meta property=\"og:image\" content=\"https:\/\/anigreat.starter-creative.fr\/wp-content\/uploads\/2025\/04\/AniGreat_dose_16.jpg\" \/>\n\t<meta property=\"og:image:width\" content=\"1067\" \/>\n\t<meta property=\"og:image:height\" content=\"1200\" \/>\n\t<meta property=\"og:image:type\" content=\"image\/jpeg\" \/>\n<meta name=\"twitter:card\" content=\"summary_large_image\" \/>\n<meta name=\"twitter:label1\" content=\"Gesch\u00e4tzte Lesezeit\" \/>\n\t<meta name=\"twitter:data1\" content=\"1\u00a0Minute\" \/>\n<script type=\"application\/ld+json\" class=\"yoast-schema-graph\">{\"@context\":\"https:\/\/schema.org\",\"@graph\":[{\"@type\":\"WebPage\",\"@id\":\"https:\/\/anigreat.starter-creative.fr\/de\/geschaeft\/natuerliche-hundeernaehrung\/ente-mit-gemuese-reis-menue\/\",\"url\":\"https:\/\/anigreat.starter-creative.fr\/de\/geschaeft\/natuerliche-hundeernaehrung\/ente-mit-gemuese-reis-menue\/\",\"name\":\"Ente mit Gem\u00fcse & Reis Men\u00fc | AniGreat\",\"isPartOf\":{\"@id\":\"https:\/\/anigreat.starter-creative.fr\/de\/#website\"},\"primaryImageOfPage\":{\"@id\":\"https:\/\/anigreat.starter-creative.fr\/de\/geschaeft\/natuerliche-hundeernaehrung\/ente-mit-gemuese-reis-menue\/#primaryimage\"},\"image\":{\"@id\":\"https:\/\/anigreat.starter-creative.fr\/de\/geschaeft\/natuerliche-hundeernaehrung\/ente-mit-gemuese-reis-menue\/#primaryimage\"},\"thumbnailUrl\":\"https:\/\/anigreat.starter-creative.fr\/wp-content\/uploads\/2025\/04\/AniGreat_dose_16.jpg\",\"datePublished\":\"2025-04-24T15:35:50+00:00\",\"dateModified\":\"2025-09-24T15:38:21+00:00\",\"breadcrumb\":{\"@id\":\"https:\/\/anigreat.starter-creative.fr\/de\/geschaeft\/natuerliche-hundeernaehrung\/ente-mit-gemuese-reis-menue\/#breadcrumb\"},\"inLanguage\":\"de\",\"potentialAction\":[{\"@type\":\"ReadAction\",\"target\":[\"https:\/\/anigreat.starter-creative.fr\/de\/geschaeft\/natuerliche-hundeernaehrung\/ente-mit-gemuese-reis-menue\/\"]}]},{\"@type\":\"ImageObject\",\"inLanguage\":\"de\",\"@id\":\"https:\/\/anigreat.starter-creative.fr\/de\/geschaeft\/natuerliche-hundeernaehrung\/ente-mit-gemuese-reis-menue\/#primaryimage\",\"url\":\"https:\/\/anigreat.starter-creative.fr\/wp-content\/uploads\/2025\/04\/AniGreat_dose_16.jpg\",\"contentUrl\":\"https:\/\/anigreat.starter-creative.fr\/wp-content\/uploads\/2025\/04\/AniGreat_dose_16.jpg\",\"width\":1067,\"height\":1200},{\"@type\":\"BreadcrumbList\",\"@id\":\"https:\/\/anigreat.starter-creative.fr\/de\/geschaeft\/natuerliche-hundeernaehrung\/ente-mit-gemuese-reis-menue\/#breadcrumb\",\"itemListElement\":[{\"@type\":\"ListItem\",\"position\":1,\"name\":\"Heim\",\"item\":\"https:\/\/anigreat.starter-creative.fr\/de\/\"},{\"@type\":\"ListItem\",\"position\":2,\"name\":\"Shop\",\"item\":\"https:\/\/anigreat.starter-creative.fr\/de\/shop\/\"},{\"@type\":\"ListItem\",\"position\":3,\"name\":\"Ente mit Gem\u00fcse &#038; Reis Men\u00fc\"}]},{\"@type\":\"WebSite\",\"@id\":\"https:\/\/anigreat.starter-creative.fr\/de\/#website\",\"url\":\"https:\/\/anigreat.starter-creative.fr\/de\/\",\"name\":\"Anigreat\",\"description\":\"Premium Pet Food\",\"publisher\":{\"@id\":\"https:\/\/anigreat.starter-creative.fr\/de\/#organization\"},\"potentialAction\":[{\"@type\":\"SearchAction\",\"target\":{\"@type\":\"EntryPoint\",\"urlTemplate\":\"https:\/\/anigreat.starter-creative.fr\/de\/?s={search_term_string}\"},\"query-input\":{\"@type\":\"PropertyValueSpecification\",\"valueRequired\":true,\"valueName\":\"search_term_string\"}}],\"inLanguage\":\"de\"},{\"@type\":\"Organization\",\"@id\":\"https:\/\/anigreat.starter-creative.fr\/de\/#organization\",\"name\":\"Anigreat\",\"url\":\"https:\/\/anigreat.starter-creative.fr\/de\/\",\"logo\":{\"@type\":\"ImageObject\",\"inLanguage\":\"de\",\"@id\":\"https:\/\/anigreat.starter-creative.fr\/de\/#\/schema\/logo\/image\/\",\"url\":\"https:\/\/anigreat.starter-creative.fr\/wp-content\/uploads\/2025\/04\/logo.png\",\"contentUrl\":\"https:\/\/anigreat.starter-creative.fr\/wp-content\/uploads\/2025\/04\/logo.png\",\"width\":500,\"height\":221,\"caption\":\"Anigreat\"},\"image\":{\"@id\":\"https:\/\/anigreat.starter-creative.fr\/de\/#\/schema\/logo\/image\/\"}}]}<\/script>\n<!-- \/ Yoast SEO plugin. -->","yoast_head_json":{"title":"Ente mit Gem\u00fcse & Reis Men\u00fc | AniGreat","robots":{"index":"noindex","follow":"follow","max-snippet":"max-snippet:-1","max-image-preview":"max-image-preview:large","max-video-preview":"max-video-preview:-1"},"og_locale":"de_DE","og_type":"article","og_title":"Ente mit Gem\u00fcse & Reis Men\u00fc | AniGreat","og_description":"Ente mit Gem\u00fcse &amp; Reis Men\u00fc","og_url":"https:\/\/anigreat.starter-creative.fr\/de\/geschaeft\/natuerliche-hundeernaehrung\/ente-mit-gemuese-reis-menue\/","og_site_name":"AniGreat","article_modified_time":"2025-09-24T15:38:21+00:00","og_image":[{"width":1067,"height":1200,"url":"https:\/\/anigreat.starter-creative.fr\/wp-content\/uploads\/2025\/04\/AniGreat_dose_16.jpg","type":"image\/jpeg"}],"twitter_card":"summary_large_image","twitter_misc":{"Gesch\u00e4tzte Lesezeit":"1\u00a0Minute"},"schema":{"@context":"https:\/\/schema.org","@graph":[{"@type":"WebPage","@id":"https:\/\/anigreat.starter-creative.fr\/de\/geschaeft\/natuerliche-hundeernaehrung\/ente-mit-gemuese-reis-menue\/","url":"https:\/\/anigreat.starter-creative.fr\/de\/geschaeft\/natuerliche-hundeernaehrung\/ente-mit-gemuese-reis-menue\/","name":"Ente mit Gem\u00fcse & Reis Men\u00fc | AniGreat","isPartOf":{"@id":"https:\/\/anigreat.starter-creative.fr\/de\/#website"},"primaryImageOfPage":{"@id":"https:\/\/anigreat.starter-creative.fr\/de\/geschaeft\/natuerliche-hundeernaehrung\/ente-mit-gemuese-reis-menue\/#primaryimage"},"image":{"@id":"https:\/\/anigreat.starter-creative.fr\/de\/geschaeft\/natuerliche-hundeernaehrung\/ente-mit-gemuese-reis-menue\/#primaryimage"},"thumbnailUrl":"https:\/\/anigreat.starter-creative.fr\/wp-content\/uploads\/2025\/04\/AniGreat_dose_16.jpg","datePublished":"2025-04-24T15:35:50+00:00","dateModified":"2025-09-24T15:38:21+00:00","breadcrumb":{"@id":"https:\/\/anigreat.starter-creative.fr\/de\/geschaeft\/natuerliche-hundeernaehrung\/ente-mit-gemuese-reis-menue\/#breadcrumb"},"inLanguage":"de","potentialAction":[{"@type":"ReadAction","target":["https:\/\/anigreat.starter-creative.fr\/de\/geschaeft\/natuerliche-hundeernaehrung\/ente-mit-gemuese-reis-menue\/"]}]},{"@type":"ImageObject","inLanguage":"de","@id":"https:\/\/anigreat.starter-creative.fr\/de\/geschaeft\/natuerliche-hundeernaehrung\/ente-mit-gemuese-reis-menue\/#primaryimage","url":"https:\/\/anigreat.starter-creative.fr\/wp-content\/uploads\/2025\/04\/AniGreat_dose_16.jpg","contentUrl":"https:\/\/anigreat.starter-creative.fr\/wp-content\/uploads\/2025\/04\/AniGreat_dose_16.jpg","width":1067,"height":1200},{"@type":"BreadcrumbList","@id":"https:\/\/anigreat.starter-creative.fr\/de\/geschaeft\/natuerliche-hundeernaehrung\/ente-mit-gemuese-reis-menue\/#breadcrumb","itemListElement":[{"@type":"ListItem","position":1,"name":"Heim","item":"https:\/\/anigreat.starter-creative.fr\/de\/"},{"@type":"ListItem","position":2,"name":"Shop","item":"https:\/\/anigreat.starter-creative.fr\/de\/shop\/"},{"@type":"ListItem","position":3,"name":"Ente mit Gem\u00fcse &#038; Reis Men\u00fc"}]},{"@type":"WebSite","@id":"https:\/\/anigreat.starter-creative.fr\/de\/#website","url":"https:\/\/anigreat.starter-creative.fr\/de\/","name":"Anigreat","description":"Premium Pet Food","publisher":{"@id":"https:\/\/anigreat.starter-creative.fr\/de\/#organization"},"potentialAction":[{"@type":"SearchAction","target":{"@type":"EntryPoint","urlTemplate":"https:\/\/anigreat.starter-creative.fr\/de\/?s={search_term_string}"},"query-input":{"@type":"PropertyValueSpecification","valueRequired":true,"valueName":"search_term_string"}}],"inLanguage":"de"},{"@type":"Organization","@id":"https:\/\/anigreat.starter-creative.fr\/de\/#organization","name":"Anigreat","url":"https:\/\/anigreat.starter-creative.fr\/de\/","logo":{"@type":"ImageObject","inLanguage":"de","@id":"https:\/\/anigreat.starter-creative.fr\/de\/#\/schema\/logo\/image\/","url":"https:\/\/anigreat.starter-creative.fr\/wp-content\/uploads\/2025\/04\/logo.png","contentUrl":"https:\/\/anigreat.starter-creative.fr\/wp-content\/uploads\/2025\/04\/logo.png","width":500,"height":221,"caption":"Anigreat"},"image":{"@id":"https:\/\/anigreat.starter-creative.fr\/de\/#\/schema\/logo\/image\/"}}]}},"_links":{"self":[{"href":"https:\/\/anigreat.starter-creative.fr\/de\/wp-json\/wp\/v2\/product\/27823","targetHints":{"allow":["GET"]}}],"collection":[{"href":"https:\/\/anigreat.starter-creative.fr\/de\/wp-json\/wp\/v2\/product"}],"about":[{"href":"https:\/\/anigreat.starter-creative.fr\/de\/wp-json\/wp\/v2\/types\/product"}],"replies":[{"embeddable":true,"href":"https:\/\/anigreat.starter-creative.fr\/de\/wp-json\/wp\/v2\/comments?post=27823"}],"version-history":[{"count":4,"href":"https:\/\/anigreat.starter-creative.fr\/de\/wp-json\/wp\/v2\/product\/27823\/revisions"}],"predecessor-version":[{"id":32890,"href":"https:\/\/anigreat.starter-creative.fr\/de\/wp-json\/wp\/v2\/product\/27823\/revisions\/32890"}],"wp:featuredmedia":[{"embeddable":true,"href":"https:\/\/anigreat.starter-creative.fr\/de\/wp-json\/wp\/v2\/media\/27819"}],"wp:attachment":[{"href":"https:\/\/anigreat.starter-creative.fr\/de\/wp-json\/wp\/v2\/media?parent=27823"}],"wp:term":[{"taxonomy":"product_brand","embeddable":true,"href":"https:\/\/anigreat.starter-creative.fr\/de\/wp-json\/wp\/v2\/product_brand?post=27823"},{"taxonomy":"product_cat","embeddable":true,"href":"https:\/\/anigreat.starter-creative.fr\/de\/wp-json\/wp\/v2\/product_cat?post=27823"},{"taxonomy":"product_tag","embeddable":true,"href":"https:\/\/anigreat.starter-creative.fr\/de\/wp-json\/wp\/v2\/product_tag?post=27823"}],"curies":[{"name":"wp","href":"https:\/\/api.w.org\/{rel}","templated":true}]}}