{"id":27778,"date":"2025-04-24T17:35:21","date_gmt":"2025-04-24T15:35:21","guid":{"rendered":"https:\/\/anigreat.starter-creative.fr\/product\/truthahn-huhn-kitten-1-kg\/"},"modified":"2025-07-24T15:44:20","modified_gmt":"2025-07-24T13:44:20","slug":"truthahn-huhn-kitten","status":"publish","type":"product","link":"https:\/\/anigreat.starter-creative.fr\/de\/geschaeft\/natuerliche-katzenernaehrung\/truthahn-huhn-kitten\/","title":{"rendered":"Truthahn &#038; Huhn KITTEN"},"content":{"rendered":"<p><b>ANIGREAT\u00ae Premium Pet Food \u2013 Truthahn &amp; Huhn<\/b><br \/>\nSpeziell f\u00fcr heranwachsende K\u00e4tzchen \u2013 optimale N\u00e4hrstoffversorgung f\u00fcr ein gesundes Wachstum<\/p>\n<p>ANIGREAT\u00ae Truthahn &amp; Huhn ist ein hochwertiges Kittenfutter, das optimal auf die Bed\u00fcrfnisse wachsender K\u00e4tzchen abgestimmt ist.<br \/>\nIn den ersten Monaten entwickeln sich Muskeln, Knochen und das Immunsystem rasant \u2013 die richtige Ern\u00e4hrung ist daher entscheidend.<br \/>\nUnsere Rezeptur mit 70 % Truthahn &amp; Huhn bietet einen hohen Proteingehalt &amp; essenzielle Aminos\u00e4uren, um die gesunde Entwicklung deines K\u00e4tzchens optimal zu unterst\u00fctzen.<\/p>\n<p>\u2714 F\u00f6rdert eine starke Muskulatur \u2013 mit hochwertigem tierischem Eiwei\u00df &amp; essenziellen Aminos\u00e4uren.<br \/>\n\u2714 Unterst\u00fctzt das Immunsystem \u2013 mit nat\u00fcrlichem Vitamin E &amp; wichtigen Spurenelementen.<br \/>\n\u2714 Kognitive &amp; visuelle Entwicklung \u2013 mit Omega-3-Fetts\u00e4uren f\u00fcr Gehirn &amp; Sehkraft.<br \/>\n\u2714 Leicht verdaulich &amp; bek\u00f6mmlich \u2013 mit Pr\u00e4biotika (FOS\/MOS) f\u00fcr eine gesunde Darmflora.<br \/>\n\u2714 Kleine Kroketten f\u00fcr kleine M\u00e4ulchen \u2013 perfekt f\u00fcr Kitten in der Wachstumsphase.<\/p>\n<p>Der beste Start ins Leben \u2013 weil wir Tiere lieben\u2764\ufe0f<\/p>\n","protected":false},"excerpt":{"rendered":"<p>Truthahn &amp; Huhn KITTEN<\/p>\n","protected":false},"featured_media":27774,"comment_status":"open","ping_status":"closed","template":"","meta":[],"product_brand":[],"product_cat":[97],"product_tag":[96],"class_list":{"0":"post-27778","1":"product","2":"type-product","3":"status-publish","4":"has-post-thumbnail","6":"product_cat-natuerliche-katzenernaehrung","7":"product_tag-trockenfutter","8":"has-subscription-plans","10":"first","11":"instock","12":"taxable","13":"shipping-taxable","14":"purchasable","15":"product-type-simple"},"yoast_head":"<!-- This site is optimized with the Yoast SEO plugin v26.0 - https:\/\/yoast.com\/wordpress\/plugins\/seo\/ -->\n<title>Truthahn &amp; Huhn KITTEN | AniGreat<\/title>\n<meta name=\"robots\" content=\"noindex, follow, max-snippet:-1, max-image-preview:large, max-video-preview:-1\" \/>\n<meta property=\"og:locale\" content=\"de_DE\" \/>\n<meta property=\"og:type\" content=\"article\" \/>\n<meta property=\"og:title\" content=\"Truthahn &amp; Huhn KITTEN | AniGreat\" \/>\n<meta property=\"og:description\" content=\"Truthahn &amp; Huhn KITTEN\" \/>\n<meta property=\"og:url\" content=\"https:\/\/anigreat.starter-creative.fr\/de\/geschaeft\/natuerliche-katzenernaehrung\/truthahn-huhn-kitten\/\" \/>\n<meta property=\"og:site_name\" content=\"AniGreat\" \/>\n<meta property=\"article:modified_time\" content=\"2025-07-24T13:44:20+00:00\" \/>\n<meta property=\"og:image\" content=\"https:\/\/anigreat.starter-creative.fr\/wp-content\/uploads\/2025\/04\/AniGreat_Katze1.jpg\" \/>\n\t<meta property=\"og:image:width\" content=\"1067\" \/>\n\t<meta property=\"og:image:height\" content=\"1200\" \/>\n\t<meta property=\"og:image:type\" content=\"image\/jpeg\" \/>\n<meta name=\"twitter:card\" content=\"summary_large_image\" \/>\n<meta name=\"twitter:label1\" content=\"Gesch\u00e4tzte Lesezeit\" \/>\n\t<meta name=\"twitter:data1\" content=\"1\u00a0Minute\" \/>\n<script type=\"application\/ld+json\" class=\"yoast-schema-graph\">{\"@context\":\"https:\/\/schema.org\",\"@graph\":[{\"@type\":\"WebPage\",\"@id\":\"https:\/\/anigreat.starter-creative.fr\/de\/geschaeft\/natuerliche-katzenernaehrung\/truthahn-huhn-kitten\/\",\"url\":\"https:\/\/anigreat.starter-creative.fr\/de\/geschaeft\/natuerliche-katzenernaehrung\/truthahn-huhn-kitten\/\",\"name\":\"Truthahn & Huhn KITTEN | AniGreat\",\"isPartOf\":{\"@id\":\"https:\/\/anigreat.starter-creative.fr\/de\/#website\"},\"primaryImageOfPage\":{\"@id\":\"https:\/\/anigreat.starter-creative.fr\/de\/geschaeft\/natuerliche-katzenernaehrung\/truthahn-huhn-kitten\/#primaryimage\"},\"image\":{\"@id\":\"https:\/\/anigreat.starter-creative.fr\/de\/geschaeft\/natuerliche-katzenernaehrung\/truthahn-huhn-kitten\/#primaryimage\"},\"thumbnailUrl\":\"https:\/\/anigreat.starter-creative.fr\/wp-content\/uploads\/2025\/04\/AniGreat_Katze1.jpg\",\"datePublished\":\"2025-04-24T15:35:21+00:00\",\"dateModified\":\"2025-07-24T13:44:20+00:00\",\"breadcrumb\":{\"@id\":\"https:\/\/anigreat.starter-creative.fr\/de\/geschaeft\/natuerliche-katzenernaehrung\/truthahn-huhn-kitten\/#breadcrumb\"},\"inLanguage\":\"de\",\"potentialAction\":[{\"@type\":\"ReadAction\",\"target\":[\"https:\/\/anigreat.starter-creative.fr\/de\/geschaeft\/natuerliche-katzenernaehrung\/truthahn-huhn-kitten\/\"]}]},{\"@type\":\"ImageObject\",\"inLanguage\":\"de\",\"@id\":\"https:\/\/anigreat.starter-creative.fr\/de\/geschaeft\/natuerliche-katzenernaehrung\/truthahn-huhn-kitten\/#primaryimage\",\"url\":\"https:\/\/anigreat.starter-creative.fr\/wp-content\/uploads\/2025\/04\/AniGreat_Katze1.jpg\",\"contentUrl\":\"https:\/\/anigreat.starter-creative.fr\/wp-content\/uploads\/2025\/04\/AniGreat_Katze1.jpg\",\"width\":1067,\"height\":1200},{\"@type\":\"BreadcrumbList\",\"@id\":\"https:\/\/anigreat.starter-creative.fr\/de\/geschaeft\/natuerliche-katzenernaehrung\/truthahn-huhn-kitten\/#breadcrumb\",\"itemListElement\":[{\"@type\":\"ListItem\",\"position\":1,\"name\":\"Heim\",\"item\":\"https:\/\/anigreat.starter-creative.fr\/de\/\"},{\"@type\":\"ListItem\",\"position\":2,\"name\":\"Shop\",\"item\":\"https:\/\/anigreat.starter-creative.fr\/de\/shop\/\"},{\"@type\":\"ListItem\",\"position\":3,\"name\":\"Truthahn &#038; Huhn KITTEN\"}]},{\"@type\":\"WebSite\",\"@id\":\"https:\/\/anigreat.starter-creative.fr\/de\/#website\",\"url\":\"https:\/\/anigreat.starter-creative.fr\/de\/\",\"name\":\"Anigreat\",\"description\":\"Premium Pet Food\",\"publisher\":{\"@id\":\"https:\/\/anigreat.starter-creative.fr\/de\/#organization\"},\"potentialAction\":[{\"@type\":\"SearchAction\",\"target\":{\"@type\":\"EntryPoint\",\"urlTemplate\":\"https:\/\/anigreat.starter-creative.fr\/de\/?s={search_term_string}\"},\"query-input\":{\"@type\":\"PropertyValueSpecification\",\"valueRequired\":true,\"valueName\":\"search_term_string\"}}],\"inLanguage\":\"de\"},{\"@type\":\"Organization\",\"@id\":\"https:\/\/anigreat.starter-creative.fr\/de\/#organization\",\"name\":\"Anigreat\",\"url\":\"https:\/\/anigreat.starter-creative.fr\/de\/\",\"logo\":{\"@type\":\"ImageObject\",\"inLanguage\":\"de\",\"@id\":\"https:\/\/anigreat.starter-creative.fr\/de\/#\/schema\/logo\/image\/\",\"url\":\"https:\/\/anigreat.starter-creative.fr\/wp-content\/uploads\/2025\/04\/logo.png\",\"contentUrl\":\"https:\/\/anigreat.starter-creative.fr\/wp-content\/uploads\/2025\/04\/logo.png\",\"width\":500,\"height\":221,\"caption\":\"Anigreat\"},\"image\":{\"@id\":\"https:\/\/anigreat.starter-creative.fr\/de\/#\/schema\/logo\/image\/\"}}]}<\/script>\n<!-- \/ Yoast SEO plugin. -->","yoast_head_json":{"title":"Truthahn & Huhn KITTEN | AniGreat","robots":{"index":"noindex","follow":"follow","max-snippet":"max-snippet:-1","max-image-preview":"max-image-preview:large","max-video-preview":"max-video-preview:-1"},"og_locale":"de_DE","og_type":"article","og_title":"Truthahn & Huhn KITTEN | AniGreat","og_description":"Truthahn &amp; Huhn KITTEN","og_url":"https:\/\/anigreat.starter-creative.fr\/de\/geschaeft\/natuerliche-katzenernaehrung\/truthahn-huhn-kitten\/","og_site_name":"AniGreat","article_modified_time":"2025-07-24T13:44:20+00:00","og_image":[{"width":1067,"height":1200,"url":"https:\/\/anigreat.starter-creative.fr\/wp-content\/uploads\/2025\/04\/AniGreat_Katze1.jpg","type":"image\/jpeg"}],"twitter_card":"summary_large_image","twitter_misc":{"Gesch\u00e4tzte Lesezeit":"1\u00a0Minute"},"schema":{"@context":"https:\/\/schema.org","@graph":[{"@type":"WebPage","@id":"https:\/\/anigreat.starter-creative.fr\/de\/geschaeft\/natuerliche-katzenernaehrung\/truthahn-huhn-kitten\/","url":"https:\/\/anigreat.starter-creative.fr\/de\/geschaeft\/natuerliche-katzenernaehrung\/truthahn-huhn-kitten\/","name":"Truthahn & Huhn KITTEN | AniGreat","isPartOf":{"@id":"https:\/\/anigreat.starter-creative.fr\/de\/#website"},"primaryImageOfPage":{"@id":"https:\/\/anigreat.starter-creative.fr\/de\/geschaeft\/natuerliche-katzenernaehrung\/truthahn-huhn-kitten\/#primaryimage"},"image":{"@id":"https:\/\/anigreat.starter-creative.fr\/de\/geschaeft\/natuerliche-katzenernaehrung\/truthahn-huhn-kitten\/#primaryimage"},"thumbnailUrl":"https:\/\/anigreat.starter-creative.fr\/wp-content\/uploads\/2025\/04\/AniGreat_Katze1.jpg","datePublished":"2025-04-24T15:35:21+00:00","dateModified":"2025-07-24T13:44:20+00:00","breadcrumb":{"@id":"https:\/\/anigreat.starter-creative.fr\/de\/geschaeft\/natuerliche-katzenernaehrung\/truthahn-huhn-kitten\/#breadcrumb"},"inLanguage":"de","potentialAction":[{"@type":"ReadAction","target":["https:\/\/anigreat.starter-creative.fr\/de\/geschaeft\/natuerliche-katzenernaehrung\/truthahn-huhn-kitten\/"]}]},{"@type":"ImageObject","inLanguage":"de","@id":"https:\/\/anigreat.starter-creative.fr\/de\/geschaeft\/natuerliche-katzenernaehrung\/truthahn-huhn-kitten\/#primaryimage","url":"https:\/\/anigreat.starter-creative.fr\/wp-content\/uploads\/2025\/04\/AniGreat_Katze1.jpg","contentUrl":"https:\/\/anigreat.starter-creative.fr\/wp-content\/uploads\/2025\/04\/AniGreat_Katze1.jpg","width":1067,"height":1200},{"@type":"BreadcrumbList","@id":"https:\/\/anigreat.starter-creative.fr\/de\/geschaeft\/natuerliche-katzenernaehrung\/truthahn-huhn-kitten\/#breadcrumb","itemListElement":[{"@type":"ListItem","position":1,"name":"Heim","item":"https:\/\/anigreat.starter-creative.fr\/de\/"},{"@type":"ListItem","position":2,"name":"Shop","item":"https:\/\/anigreat.starter-creative.fr\/de\/shop\/"},{"@type":"ListItem","position":3,"name":"Truthahn &#038; Huhn KITTEN"}]},{"@type":"WebSite","@id":"https:\/\/anigreat.starter-creative.fr\/de\/#website","url":"https:\/\/anigreat.starter-creative.fr\/de\/","name":"Anigreat","description":"Premium Pet Food","publisher":{"@id":"https:\/\/anigreat.starter-creative.fr\/de\/#organization"},"potentialAction":[{"@type":"SearchAction","target":{"@type":"EntryPoint","urlTemplate":"https:\/\/anigreat.starter-creative.fr\/de\/?s={search_term_string}"},"query-input":{"@type":"PropertyValueSpecification","valueRequired":true,"valueName":"search_term_string"}}],"inLanguage":"de"},{"@type":"Organization","@id":"https:\/\/anigreat.starter-creative.fr\/de\/#organization","name":"Anigreat","url":"https:\/\/anigreat.starter-creative.fr\/de\/","logo":{"@type":"ImageObject","inLanguage":"de","@id":"https:\/\/anigreat.starter-creative.fr\/de\/#\/schema\/logo\/image\/","url":"https:\/\/anigreat.starter-creative.fr\/wp-content\/uploads\/2025\/04\/logo.png","contentUrl":"https:\/\/anigreat.starter-creative.fr\/wp-content\/uploads\/2025\/04\/logo.png","width":500,"height":221,"caption":"Anigreat"},"image":{"@id":"https:\/\/anigreat.starter-creative.fr\/de\/#\/schema\/logo\/image\/"}}]}},"_links":{"self":[{"href":"https:\/\/anigreat.starter-creative.fr\/de\/wp-json\/wp\/v2\/product\/27778","targetHints":{"allow":["GET"]}}],"collection":[{"href":"https:\/\/anigreat.starter-creative.fr\/de\/wp-json\/wp\/v2\/product"}],"about":[{"href":"https:\/\/anigreat.starter-creative.fr\/de\/wp-json\/wp\/v2\/types\/product"}],"replies":[{"embeddable":true,"href":"https:\/\/anigreat.starter-creative.fr\/de\/wp-json\/wp\/v2\/comments?post=27778"}],"version-history":[{"count":3,"href":"https:\/\/anigreat.starter-creative.fr\/de\/wp-json\/wp\/v2\/product\/27778\/revisions"}],"predecessor-version":[{"id":32899,"href":"https:\/\/anigreat.starter-creative.fr\/de\/wp-json\/wp\/v2\/product\/27778\/revisions\/32899"}],"wp:featuredmedia":[{"embeddable":true,"href":"https:\/\/anigreat.starter-creative.fr\/de\/wp-json\/wp\/v2\/media\/27774"}],"wp:attachment":[{"href":"https:\/\/anigreat.starter-creative.fr\/de\/wp-json\/wp\/v2\/media?parent=27778"}],"wp:term":[{"taxonomy":"product_brand","embeddable":true,"href":"https:\/\/anigreat.starter-creative.fr\/de\/wp-json\/wp\/v2\/product_brand?post=27778"},{"taxonomy":"product_cat","embeddable":true,"href":"https:\/\/anigreat.starter-creative.fr\/de\/wp-json\/wp\/v2\/product_cat?post=27778"},{"taxonomy":"product_tag","embeddable":true,"href":"https:\/\/anigreat.starter-creative.fr\/de\/wp-json\/wp\/v2\/product_tag?post=27778"}],"curies":[{"name":"wp","href":"https:\/\/api.w.org\/{rel}","templated":true}]}}