{"id":27710,"date":"2025-04-24T17:26:49","date_gmt":"2025-04-24T15:26:49","guid":{"rendered":"https:\/\/anigreat.starter-creative.fr\/?post_type=product&#038;p=27710"},"modified":"2025-07-24T16:10:45","modified_gmt":"2025-07-24T14:10:45","slug":"5-exquisite-oele","status":"publish","type":"product","link":"https:\/\/anigreat.starter-creative.fr\/de\/geschaeft\/natuerliche-hundeernaehrung\/5-exquisite-oele\/","title":{"rendered":"5-exquisite-\u00d6le"},"content":{"rendered":"<p><b>ANIGREAT\u00ae Premium Pet Food \u2013 5 Exquisite \u00d6le<\/b>\u00a0\u2728<br \/>\nHochwertiges Erg\u00e4nzungsfuttermittel f\u00fcr Hunde &amp; Pferde aller Altersgruppen \u2013 Haut, Fell &amp; Immunsystem<\/p>\n<p>Die wertvolle Mischung aus Raps\u00f6l, Lachs\u00f6l, Hanf\u00f6l, Nachtkerzen\u00f6l &amp; Schwarzk\u00fcmmel\u00f6l versorgt Hunde &amp; Pferde mit essenziellen Fetts\u00e4uren, die die Hautfunktion, das Immunsystem &amp; eine gesunde Fellstruktur unterst\u00fctzen k\u00f6nnen. Dank der optimal abgestimmten Kombination aus Omega-3, Omega-6 &amp; Omega-9 kann dieses Spezial\u00f6l zu mehr Wohlbefinden beitragen.<\/p>\n<p>\u2714 Haut &amp; Fell \u2013 Kann bei trockener Haut &amp; Fellproblemen helfen.<br \/>\n\u2714 Kann das Immunsystem f\u00f6rdern \u2013 nat\u00fcrliche Pflanzenstoffe f\u00fcr starke Abwehrkr\u00e4fte.<br \/>\n\u2714 Stoffwechselaktivierend \u2013 kann den Zellstoffwechsel positiv beeinflussen.<br \/>\n\u2714 Ohne k\u00fcnstliche Zusatzstoffe \u2013 reine, nat\u00fcrliche Rezeptur f\u00fcr eine gesunde Ern\u00e4hrung.<\/p>\n<p>Die Extraportion Vitalit\u00e4t \u2013 weil wir Tiere lieben! \u2764\ufe0f<\/p>\n<p><b>Zusammensetzung:<\/b><br \/>\nRaps\u00f6l \u2013 reich an Omega-3- &amp; Omega-6-Fetts\u00e4uren f\u00fcr Zellschutz &amp; gesunde Haut.<br \/>\nLachs\u00f6l \u2013 wertvolle DHA &amp; EPA Fetts\u00e4uren unterst\u00fctzen das Herz-Kreislauf-System.<br \/>\nHanf\u00f6l \u2013 f\u00f6rdert die nat\u00fcrliche Hautbarriere &amp; wirkt entz\u00fcndungshemmend.<br \/>\nNachtkerzen\u00f6l \u2013 bekannt f\u00fcr seine beruhigende Wirkung auf empfindliche Haut.<br \/>\nSchwarzk\u00fcmmel\u00f6l \u2013 kann das Immunsystem st\u00e4rken &amp; die Atemwege unterst\u00fctzen.<\/p>\n<p><b>Wichtige Hinweise:<\/b><br \/>\n\u26a0\u00a0Nicht f\u00fcr Katzen geeignet.<br \/>\nErg\u00e4nzungsfuttermittel f\u00fcr Hunde &amp; Pferde.<br \/>\nOrangefarbenes \u00d6l mit fischigem Geschmack.<\/p>\n<p><b>Anwendung &amp; Lagerung:<\/b><\/p>\n","protected":false},"excerpt":{"rendered":"<p>5-exquisite-\u00d6le<\/p>\n","protected":false},"featured_media":27733,"comment_status":"open","ping_status":"closed","template":"","meta":[],"product_brand":[],"product_cat":[95],"product_tag":[102],"class_list":{"0":"post-27710","1":"product","2":"type-product","3":"status-publish","4":"has-post-thumbnail","6":"product_cat-natuerliche-hundeernaehrung","7":"product_tag-oele","8":"has-subscription-plans","10":"first","11":"instock","12":"taxable","13":"shipping-taxable","14":"purchasable","15":"product-type-simple"},"yoast_head":"<!-- This site is optimized with the Yoast SEO plugin v26.0 - https:\/\/yoast.com\/wordpress\/plugins\/seo\/ -->\n<title>5-exquisite-\u00d6le | AniGreat<\/title>\n<meta name=\"robots\" content=\"noindex, follow, max-snippet:-1, max-image-preview:large, max-video-preview:-1\" \/>\n<meta property=\"og:locale\" content=\"de_DE\" \/>\n<meta property=\"og:type\" content=\"article\" \/>\n<meta property=\"og:title\" content=\"5-exquisite-\u00d6le | AniGreat\" \/>\n<meta property=\"og:description\" content=\"5-exquisite-\u00d6le\" \/>\n<meta property=\"og:url\" content=\"https:\/\/anigreat.starter-creative.fr\/de\/geschaeft\/natuerliche-hundeernaehrung\/5-exquisite-oele\/\" \/>\n<meta property=\"og:site_name\" content=\"AniGreat\" \/>\n<meta property=\"article:modified_time\" content=\"2025-07-24T14:10:45+00:00\" \/>\n<meta property=\"og:image\" content=\"https:\/\/anigreat.starter-creative.fr\/wp-content\/uploads\/2025\/04\/1742679770_AniGreat_le_1.jpg\" \/>\n\t<meta property=\"og:image:width\" content=\"1067\" \/>\n\t<meta property=\"og:image:height\" content=\"1200\" \/>\n\t<meta property=\"og:image:type\" content=\"image\/jpeg\" \/>\n<meta name=\"twitter:card\" content=\"summary_large_image\" \/>\n<meta name=\"twitter:label1\" content=\"Gesch\u00e4tzte Lesezeit\" \/>\n\t<meta name=\"twitter:data1\" content=\"2\u00a0Minute\" \/>\n<script type=\"application\/ld+json\" class=\"yoast-schema-graph\">{\"@context\":\"https:\/\/schema.org\",\"@graph\":[{\"@type\":\"WebPage\",\"@id\":\"https:\/\/anigreat.starter-creative.fr\/de\/geschaeft\/natuerliche-hundeernaehrung\/5-exquisite-oele\/\",\"url\":\"https:\/\/anigreat.starter-creative.fr\/de\/geschaeft\/natuerliche-hundeernaehrung\/5-exquisite-oele\/\",\"name\":\"5-exquisite-\u00d6le | AniGreat\",\"isPartOf\":{\"@id\":\"https:\/\/anigreat.starter-creative.fr\/de\/#website\"},\"primaryImageOfPage\":{\"@id\":\"https:\/\/anigreat.starter-creative.fr\/de\/geschaeft\/natuerliche-hundeernaehrung\/5-exquisite-oele\/#primaryimage\"},\"image\":{\"@id\":\"https:\/\/anigreat.starter-creative.fr\/de\/geschaeft\/natuerliche-hundeernaehrung\/5-exquisite-oele\/#primaryimage\"},\"thumbnailUrl\":\"https:\/\/anigreat.starter-creative.fr\/wp-content\/uploads\/2025\/04\/1742679770_AniGreat_le_1.jpg\",\"datePublished\":\"2025-04-24T15:26:49+00:00\",\"dateModified\":\"2025-07-24T14:10:45+00:00\",\"breadcrumb\":{\"@id\":\"https:\/\/anigreat.starter-creative.fr\/de\/geschaeft\/natuerliche-hundeernaehrung\/5-exquisite-oele\/#breadcrumb\"},\"inLanguage\":\"de\",\"potentialAction\":[{\"@type\":\"ReadAction\",\"target\":[\"https:\/\/anigreat.starter-creative.fr\/de\/geschaeft\/natuerliche-hundeernaehrung\/5-exquisite-oele\/\"]}]},{\"@type\":\"ImageObject\",\"inLanguage\":\"de\",\"@id\":\"https:\/\/anigreat.starter-creative.fr\/de\/geschaeft\/natuerliche-hundeernaehrung\/5-exquisite-oele\/#primaryimage\",\"url\":\"https:\/\/anigreat.starter-creative.fr\/wp-content\/uploads\/2025\/04\/1742679770_AniGreat_le_1.jpg\",\"contentUrl\":\"https:\/\/anigreat.starter-creative.fr\/wp-content\/uploads\/2025\/04\/1742679770_AniGreat_le_1.jpg\",\"width\":1067,\"height\":1200},{\"@type\":\"BreadcrumbList\",\"@id\":\"https:\/\/anigreat.starter-creative.fr\/de\/geschaeft\/natuerliche-hundeernaehrung\/5-exquisite-oele\/#breadcrumb\",\"itemListElement\":[{\"@type\":\"ListItem\",\"position\":1,\"name\":\"Heim\",\"item\":\"https:\/\/anigreat.starter-creative.fr\/de\/\"},{\"@type\":\"ListItem\",\"position\":2,\"name\":\"Shop\",\"item\":\"https:\/\/anigreat.starter-creative.fr\/de\/shop\/\"},{\"@type\":\"ListItem\",\"position\":3,\"name\":\"5-exquisite-\u00d6le\"}]},{\"@type\":\"WebSite\",\"@id\":\"https:\/\/anigreat.starter-creative.fr\/de\/#website\",\"url\":\"https:\/\/anigreat.starter-creative.fr\/de\/\",\"name\":\"Anigreat\",\"description\":\"Premium Pet Food\",\"publisher\":{\"@id\":\"https:\/\/anigreat.starter-creative.fr\/de\/#organization\"},\"potentialAction\":[{\"@type\":\"SearchAction\",\"target\":{\"@type\":\"EntryPoint\",\"urlTemplate\":\"https:\/\/anigreat.starter-creative.fr\/de\/?s={search_term_string}\"},\"query-input\":{\"@type\":\"PropertyValueSpecification\",\"valueRequired\":true,\"valueName\":\"search_term_string\"}}],\"inLanguage\":\"de\"},{\"@type\":\"Organization\",\"@id\":\"https:\/\/anigreat.starter-creative.fr\/de\/#organization\",\"name\":\"Anigreat\",\"url\":\"https:\/\/anigreat.starter-creative.fr\/de\/\",\"logo\":{\"@type\":\"ImageObject\",\"inLanguage\":\"de\",\"@id\":\"https:\/\/anigreat.starter-creative.fr\/de\/#\/schema\/logo\/image\/\",\"url\":\"https:\/\/anigreat.starter-creative.fr\/wp-content\/uploads\/2025\/04\/logo.png\",\"contentUrl\":\"https:\/\/anigreat.starter-creative.fr\/wp-content\/uploads\/2025\/04\/logo.png\",\"width\":500,\"height\":221,\"caption\":\"Anigreat\"},\"image\":{\"@id\":\"https:\/\/anigreat.starter-creative.fr\/de\/#\/schema\/logo\/image\/\"}}]}<\/script>\n<!-- \/ Yoast SEO plugin. -->","yoast_head_json":{"title":"5-exquisite-\u00d6le | AniGreat","robots":{"index":"noindex","follow":"follow","max-snippet":"max-snippet:-1","max-image-preview":"max-image-preview:large","max-video-preview":"max-video-preview:-1"},"og_locale":"de_DE","og_type":"article","og_title":"5-exquisite-\u00d6le | AniGreat","og_description":"5-exquisite-\u00d6le","og_url":"https:\/\/anigreat.starter-creative.fr\/de\/geschaeft\/natuerliche-hundeernaehrung\/5-exquisite-oele\/","og_site_name":"AniGreat","article_modified_time":"2025-07-24T14:10:45+00:00","og_image":[{"width":1067,"height":1200,"url":"https:\/\/anigreat.starter-creative.fr\/wp-content\/uploads\/2025\/04\/1742679770_AniGreat_le_1.jpg","type":"image\/jpeg"}],"twitter_card":"summary_large_image","twitter_misc":{"Gesch\u00e4tzte Lesezeit":"2\u00a0Minute"},"schema":{"@context":"https:\/\/schema.org","@graph":[{"@type":"WebPage","@id":"https:\/\/anigreat.starter-creative.fr\/de\/geschaeft\/natuerliche-hundeernaehrung\/5-exquisite-oele\/","url":"https:\/\/anigreat.starter-creative.fr\/de\/geschaeft\/natuerliche-hundeernaehrung\/5-exquisite-oele\/","name":"5-exquisite-\u00d6le | AniGreat","isPartOf":{"@id":"https:\/\/anigreat.starter-creative.fr\/de\/#website"},"primaryImageOfPage":{"@id":"https:\/\/anigreat.starter-creative.fr\/de\/geschaeft\/natuerliche-hundeernaehrung\/5-exquisite-oele\/#primaryimage"},"image":{"@id":"https:\/\/anigreat.starter-creative.fr\/de\/geschaeft\/natuerliche-hundeernaehrung\/5-exquisite-oele\/#primaryimage"},"thumbnailUrl":"https:\/\/anigreat.starter-creative.fr\/wp-content\/uploads\/2025\/04\/1742679770_AniGreat_le_1.jpg","datePublished":"2025-04-24T15:26:49+00:00","dateModified":"2025-07-24T14:10:45+00:00","breadcrumb":{"@id":"https:\/\/anigreat.starter-creative.fr\/de\/geschaeft\/natuerliche-hundeernaehrung\/5-exquisite-oele\/#breadcrumb"},"inLanguage":"de","potentialAction":[{"@type":"ReadAction","target":["https:\/\/anigreat.starter-creative.fr\/de\/geschaeft\/natuerliche-hundeernaehrung\/5-exquisite-oele\/"]}]},{"@type":"ImageObject","inLanguage":"de","@id":"https:\/\/anigreat.starter-creative.fr\/de\/geschaeft\/natuerliche-hundeernaehrung\/5-exquisite-oele\/#primaryimage","url":"https:\/\/anigreat.starter-creative.fr\/wp-content\/uploads\/2025\/04\/1742679770_AniGreat_le_1.jpg","contentUrl":"https:\/\/anigreat.starter-creative.fr\/wp-content\/uploads\/2025\/04\/1742679770_AniGreat_le_1.jpg","width":1067,"height":1200},{"@type":"BreadcrumbList","@id":"https:\/\/anigreat.starter-creative.fr\/de\/geschaeft\/natuerliche-hundeernaehrung\/5-exquisite-oele\/#breadcrumb","itemListElement":[{"@type":"ListItem","position":1,"name":"Heim","item":"https:\/\/anigreat.starter-creative.fr\/de\/"},{"@type":"ListItem","position":2,"name":"Shop","item":"https:\/\/anigreat.starter-creative.fr\/de\/shop\/"},{"@type":"ListItem","position":3,"name":"5-exquisite-\u00d6le"}]},{"@type":"WebSite","@id":"https:\/\/anigreat.starter-creative.fr\/de\/#website","url":"https:\/\/anigreat.starter-creative.fr\/de\/","name":"Anigreat","description":"Premium Pet Food","publisher":{"@id":"https:\/\/anigreat.starter-creative.fr\/de\/#organization"},"potentialAction":[{"@type":"SearchAction","target":{"@type":"EntryPoint","urlTemplate":"https:\/\/anigreat.starter-creative.fr\/de\/?s={search_term_string}"},"query-input":{"@type":"PropertyValueSpecification","valueRequired":true,"valueName":"search_term_string"}}],"inLanguage":"de"},{"@type":"Organization","@id":"https:\/\/anigreat.starter-creative.fr\/de\/#organization","name":"Anigreat","url":"https:\/\/anigreat.starter-creative.fr\/de\/","logo":{"@type":"ImageObject","inLanguage":"de","@id":"https:\/\/anigreat.starter-creative.fr\/de\/#\/schema\/logo\/image\/","url":"https:\/\/anigreat.starter-creative.fr\/wp-content\/uploads\/2025\/04\/logo.png","contentUrl":"https:\/\/anigreat.starter-creative.fr\/wp-content\/uploads\/2025\/04\/logo.png","width":500,"height":221,"caption":"Anigreat"},"image":{"@id":"https:\/\/anigreat.starter-creative.fr\/de\/#\/schema\/logo\/image\/"}}]}},"_links":{"self":[{"href":"https:\/\/anigreat.starter-creative.fr\/de\/wp-json\/wp\/v2\/product\/27710","targetHints":{"allow":["GET"]}}],"collection":[{"href":"https:\/\/anigreat.starter-creative.fr\/de\/wp-json\/wp\/v2\/product"}],"about":[{"href":"https:\/\/anigreat.starter-creative.fr\/de\/wp-json\/wp\/v2\/types\/product"}],"replies":[{"embeddable":true,"href":"https:\/\/anigreat.starter-creative.fr\/de\/wp-json\/wp\/v2\/comments?post=27710"}],"version-history":[{"count":4,"href":"https:\/\/anigreat.starter-creative.fr\/de\/wp-json\/wp\/v2\/product\/27710\/revisions"}],"predecessor-version":[{"id":32928,"href":"https:\/\/anigreat.starter-creative.fr\/de\/wp-json\/wp\/v2\/product\/27710\/revisions\/32928"}],"wp:featuredmedia":[{"embeddable":true,"href":"https:\/\/anigreat.starter-creative.fr\/de\/wp-json\/wp\/v2\/media\/27733"}],"wp:attachment":[{"href":"https:\/\/anigreat.starter-creative.fr\/de\/wp-json\/wp\/v2\/media?parent=27710"}],"wp:term":[{"taxonomy":"product_brand","embeddable":true,"href":"https:\/\/anigreat.starter-creative.fr\/de\/wp-json\/wp\/v2\/product_brand?post=27710"},{"taxonomy":"product_cat","embeddable":true,"href":"https:\/\/anigreat.starter-creative.fr\/de\/wp-json\/wp\/v2\/product_cat?post=27710"},{"taxonomy":"product_tag","embeddable":true,"href":"https:\/\/anigreat.starter-creative.fr\/de\/wp-json\/wp\/v2\/product_tag?post=27710"}],"curies":[{"name":"wp","href":"https:\/\/api.w.org\/{rel}","templated":true}]}}