{"id":27708,"date":"2025-04-24T17:26:48","date_gmt":"2025-04-24T15:26:48","guid":{"rendered":"https:\/\/anigreat.starter-creative.fr\/?post_type=product&#038;p=27708"},"modified":"2025-07-24T16:12:22","modified_gmt":"2025-07-24T14:12:22","slug":"zahnpflege-snacks","status":"publish","type":"product","link":"https:\/\/anigreat.starter-creative.fr\/de\/geschaeft\/natuerliche-hundeernaehrung\/zahnpflege-snacks\/","title":{"rendered":"Zahnpflege Snacks"},"content":{"rendered":"<p><b>ANIGREAT\u00ae PREMIUM PET SNACK F\u00dcR DIE ZAHNPFLEGE<\/b><br \/>\nTruthahn &amp; Wildschwein<\/p>\n<p>Erg\u00e4nzungsfuttermittel f\u00fcr Hunde &amp; Katzen<\/p>\n<p>Die Zahnpflege ist essenziell f\u00fcr die Gesundheit deines Vierbeiners.<br \/>\nDieser knusprige Snack enth\u00e4lt nat\u00fcrliche Zutaten wie Gr\u00fcntee-Extrakt, Pfefferminze und Aktivkohle, die zur Reduzierung von Zahnsteinbildung beitragen und f\u00fcr frischen Atem sorgen.<br \/>\nDie spezielle Rezeptur mit Natriumhexametaphosphat unterst\u00fctzt eine gesunde Maulhygiene.<\/p>\n<p>\u2714 46 % frisch zubereiteter Truthahn &amp; 4 % Wildschwein<br \/>\n\u2714 Enth\u00e4lt Gr\u00fcntee-Extrakt &amp; Pfefferminze f\u00fcr frischen Atem<br \/>\n\u2714 Aktivkohle zur Unterst\u00fctzung der Maulhygiene<br \/>\n\u2714 Knochenf\u00f6rmige Leckerei \u2013 ideal als Belohnung<br \/>\n\u2714 Getreidefrei \u2013 auch f\u00fcr sensible Tiere geeignet<br \/>\n\u2714 Frei von k\u00fcnstlichen Farb- und Konservierungsstoffen<br \/>\n\u2714 Kleine, mundgerechte Leckerbissen mit knuspriger Textur<\/p>\n<p><b>Warum Zahnpflege-Snacks?<\/b><br \/>\nAuf den Z\u00e4hnen von Haustieren kann sich Zahnstein bilden, der langfristig zu Zahnproblemen und schlechtem Atem f\u00fchrt.<br \/>\nDiese Rezeptur wurde entwickelt, um die Zahnsteinbildung zu reduzieren und eine gute Maulgesundheit zu unterst\u00fctzen.<\/p>\n<p><b>Zusammensetzung:<br \/>\n<\/b>46 % frischer Truthahn (14 % getrockneter Truthahn, 4 % frisches Wildschwein), S\u00fc\u00dfkartoffeln, Kartoffeln, Truthahnbr\u00fche, Zellulose, Natriumhexametaphosphat, Aktivkohle, Pfefferminze, Mineralstoffe, Gr\u00fcntee-Extrakt, Petersilie, Omega 3 \/ Omega 6, Vitamin A, D3, E, Spurenelemente.<\/p>\n<p><b>F\u00fctterungsempfehlung:\u00a0<\/b>Als Snack oder Belohnung zwischen den Mahlzeiten f\u00fcttern. Bitte immer ausreichend frisches Wasser bereitstellen.<\/p>\n","protected":false},"excerpt":{"rendered":"<p>Zahnpflege Snacks<\/p>\n","protected":false},"featured_media":27711,"comment_status":"open","ping_status":"closed","template":"","meta":[],"product_brand":[],"product_cat":[95,97],"product_tag":[100],"class_list":{"0":"post-27708","1":"product","2":"type-product","3":"status-publish","4":"has-post-thumbnail","6":"product_cat-natuerliche-hundeernaehrung","7":"product_cat-natuerliche-katzenernaehrung","8":"product_tag-snacks","9":"has-subscription-plans","11":"first","12":"instock","13":"taxable","14":"shipping-taxable","15":"purchasable","16":"product-type-simple"},"yoast_head":"<!-- This site is optimized with the Yoast SEO plugin v26.0 - https:\/\/yoast.com\/wordpress\/plugins\/seo\/ -->\n<title>Zahnpflege Snacks | AniGreat<\/title>\n<meta name=\"robots\" content=\"noindex, follow, max-snippet:-1, max-image-preview:large, max-video-preview:-1\" \/>\n<meta property=\"og:locale\" content=\"de_DE\" \/>\n<meta property=\"og:type\" content=\"article\" \/>\n<meta property=\"og:title\" content=\"Zahnpflege Snacks | AniGreat\" \/>\n<meta property=\"og:description\" content=\"Zahnpflege Snacks\" \/>\n<meta property=\"og:url\" content=\"https:\/\/anigreat.starter-creative.fr\/de\/geschaeft\/natuerliche-hundeernaehrung\/zahnpflege-snacks\/\" \/>\n<meta property=\"og:site_name\" content=\"AniGreat\" \/>\n<meta property=\"article:modified_time\" content=\"2025-07-24T14:12:22+00:00\" \/>\n<meta property=\"og:image\" content=\"https:\/\/anigreat.starter-creative.fr\/wp-content\/uploads\/2025\/04\/AniGreat_snack_t_te_3.jpg\" \/>\n\t<meta property=\"og:image:width\" content=\"1067\" \/>\n\t<meta property=\"og:image:height\" content=\"1200\" \/>\n\t<meta property=\"og:image:type\" content=\"image\/jpeg\" \/>\n<meta name=\"twitter:card\" content=\"summary_large_image\" \/>\n<meta name=\"twitter:label1\" content=\"Gesch\u00e4tzte Lesezeit\" \/>\n\t<meta name=\"twitter:data1\" content=\"2\u00a0Minute\" \/>\n<script type=\"application\/ld+json\" class=\"yoast-schema-graph\">{\"@context\":\"https:\/\/schema.org\",\"@graph\":[{\"@type\":\"WebPage\",\"@id\":\"https:\/\/anigreat.starter-creative.fr\/de\/geschaeft\/natuerliche-hundeernaehrung\/zahnpflege-snacks\/\",\"url\":\"https:\/\/anigreat.starter-creative.fr\/de\/geschaeft\/natuerliche-hundeernaehrung\/zahnpflege-snacks\/\",\"name\":\"Zahnpflege Snacks | AniGreat\",\"isPartOf\":{\"@id\":\"https:\/\/anigreat.starter-creative.fr\/de\/#website\"},\"primaryImageOfPage\":{\"@id\":\"https:\/\/anigreat.starter-creative.fr\/de\/geschaeft\/natuerliche-hundeernaehrung\/zahnpflege-snacks\/#primaryimage\"},\"image\":{\"@id\":\"https:\/\/anigreat.starter-creative.fr\/de\/geschaeft\/natuerliche-hundeernaehrung\/zahnpflege-snacks\/#primaryimage\"},\"thumbnailUrl\":\"https:\/\/anigreat.starter-creative.fr\/wp-content\/uploads\/2025\/04\/AniGreat_snack_t_te_3.jpg\",\"datePublished\":\"2025-04-24T15:26:48+00:00\",\"dateModified\":\"2025-07-24T14:12:22+00:00\",\"breadcrumb\":{\"@id\":\"https:\/\/anigreat.starter-creative.fr\/de\/geschaeft\/natuerliche-hundeernaehrung\/zahnpflege-snacks\/#breadcrumb\"},\"inLanguage\":\"de\",\"potentialAction\":[{\"@type\":\"ReadAction\",\"target\":[\"https:\/\/anigreat.starter-creative.fr\/de\/geschaeft\/natuerliche-hundeernaehrung\/zahnpflege-snacks\/\"]}]},{\"@type\":\"ImageObject\",\"inLanguage\":\"de\",\"@id\":\"https:\/\/anigreat.starter-creative.fr\/de\/geschaeft\/natuerliche-hundeernaehrung\/zahnpflege-snacks\/#primaryimage\",\"url\":\"https:\/\/anigreat.starter-creative.fr\/wp-content\/uploads\/2025\/04\/AniGreat_snack_t_te_3.jpg\",\"contentUrl\":\"https:\/\/anigreat.starter-creative.fr\/wp-content\/uploads\/2025\/04\/AniGreat_snack_t_te_3.jpg\",\"width\":1067,\"height\":1200},{\"@type\":\"BreadcrumbList\",\"@id\":\"https:\/\/anigreat.starter-creative.fr\/de\/geschaeft\/natuerliche-hundeernaehrung\/zahnpflege-snacks\/#breadcrumb\",\"itemListElement\":[{\"@type\":\"ListItem\",\"position\":1,\"name\":\"Heim\",\"item\":\"https:\/\/anigreat.starter-creative.fr\/de\/\"},{\"@type\":\"ListItem\",\"position\":2,\"name\":\"Shop\",\"item\":\"https:\/\/anigreat.starter-creative.fr\/de\/shop\/\"},{\"@type\":\"ListItem\",\"position\":3,\"name\":\"Zahnpflege Snacks\"}]},{\"@type\":\"WebSite\",\"@id\":\"https:\/\/anigreat.starter-creative.fr\/de\/#website\",\"url\":\"https:\/\/anigreat.starter-creative.fr\/de\/\",\"name\":\"Anigreat\",\"description\":\"Premium Pet Food\",\"publisher\":{\"@id\":\"https:\/\/anigreat.starter-creative.fr\/de\/#organization\"},\"potentialAction\":[{\"@type\":\"SearchAction\",\"target\":{\"@type\":\"EntryPoint\",\"urlTemplate\":\"https:\/\/anigreat.starter-creative.fr\/de\/?s={search_term_string}\"},\"query-input\":{\"@type\":\"PropertyValueSpecification\",\"valueRequired\":true,\"valueName\":\"search_term_string\"}}],\"inLanguage\":\"de\"},{\"@type\":\"Organization\",\"@id\":\"https:\/\/anigreat.starter-creative.fr\/de\/#organization\",\"name\":\"Anigreat\",\"url\":\"https:\/\/anigreat.starter-creative.fr\/de\/\",\"logo\":{\"@type\":\"ImageObject\",\"inLanguage\":\"de\",\"@id\":\"https:\/\/anigreat.starter-creative.fr\/de\/#\/schema\/logo\/image\/\",\"url\":\"https:\/\/anigreat.starter-creative.fr\/wp-content\/uploads\/2025\/04\/logo.png\",\"contentUrl\":\"https:\/\/anigreat.starter-creative.fr\/wp-content\/uploads\/2025\/04\/logo.png\",\"width\":500,\"height\":221,\"caption\":\"Anigreat\"},\"image\":{\"@id\":\"https:\/\/anigreat.starter-creative.fr\/de\/#\/schema\/logo\/image\/\"}}]}<\/script>\n<!-- \/ Yoast SEO plugin. -->","yoast_head_json":{"title":"Zahnpflege Snacks | AniGreat","robots":{"index":"noindex","follow":"follow","max-snippet":"max-snippet:-1","max-image-preview":"max-image-preview:large","max-video-preview":"max-video-preview:-1"},"og_locale":"de_DE","og_type":"article","og_title":"Zahnpflege Snacks | AniGreat","og_description":"Zahnpflege Snacks","og_url":"https:\/\/anigreat.starter-creative.fr\/de\/geschaeft\/natuerliche-hundeernaehrung\/zahnpflege-snacks\/","og_site_name":"AniGreat","article_modified_time":"2025-07-24T14:12:22+00:00","og_image":[{"width":1067,"height":1200,"url":"https:\/\/anigreat.starter-creative.fr\/wp-content\/uploads\/2025\/04\/AniGreat_snack_t_te_3.jpg","type":"image\/jpeg"}],"twitter_card":"summary_large_image","twitter_misc":{"Gesch\u00e4tzte Lesezeit":"2\u00a0Minute"},"schema":{"@context":"https:\/\/schema.org","@graph":[{"@type":"WebPage","@id":"https:\/\/anigreat.starter-creative.fr\/de\/geschaeft\/natuerliche-hundeernaehrung\/zahnpflege-snacks\/","url":"https:\/\/anigreat.starter-creative.fr\/de\/geschaeft\/natuerliche-hundeernaehrung\/zahnpflege-snacks\/","name":"Zahnpflege Snacks | AniGreat","isPartOf":{"@id":"https:\/\/anigreat.starter-creative.fr\/de\/#website"},"primaryImageOfPage":{"@id":"https:\/\/anigreat.starter-creative.fr\/de\/geschaeft\/natuerliche-hundeernaehrung\/zahnpflege-snacks\/#primaryimage"},"image":{"@id":"https:\/\/anigreat.starter-creative.fr\/de\/geschaeft\/natuerliche-hundeernaehrung\/zahnpflege-snacks\/#primaryimage"},"thumbnailUrl":"https:\/\/anigreat.starter-creative.fr\/wp-content\/uploads\/2025\/04\/AniGreat_snack_t_te_3.jpg","datePublished":"2025-04-24T15:26:48+00:00","dateModified":"2025-07-24T14:12:22+00:00","breadcrumb":{"@id":"https:\/\/anigreat.starter-creative.fr\/de\/geschaeft\/natuerliche-hundeernaehrung\/zahnpflege-snacks\/#breadcrumb"},"inLanguage":"de","potentialAction":[{"@type":"ReadAction","target":["https:\/\/anigreat.starter-creative.fr\/de\/geschaeft\/natuerliche-hundeernaehrung\/zahnpflege-snacks\/"]}]},{"@type":"ImageObject","inLanguage":"de","@id":"https:\/\/anigreat.starter-creative.fr\/de\/geschaeft\/natuerliche-hundeernaehrung\/zahnpflege-snacks\/#primaryimage","url":"https:\/\/anigreat.starter-creative.fr\/wp-content\/uploads\/2025\/04\/AniGreat_snack_t_te_3.jpg","contentUrl":"https:\/\/anigreat.starter-creative.fr\/wp-content\/uploads\/2025\/04\/AniGreat_snack_t_te_3.jpg","width":1067,"height":1200},{"@type":"BreadcrumbList","@id":"https:\/\/anigreat.starter-creative.fr\/de\/geschaeft\/natuerliche-hundeernaehrung\/zahnpflege-snacks\/#breadcrumb","itemListElement":[{"@type":"ListItem","position":1,"name":"Heim","item":"https:\/\/anigreat.starter-creative.fr\/de\/"},{"@type":"ListItem","position":2,"name":"Shop","item":"https:\/\/anigreat.starter-creative.fr\/de\/shop\/"},{"@type":"ListItem","position":3,"name":"Zahnpflege Snacks"}]},{"@type":"WebSite","@id":"https:\/\/anigreat.starter-creative.fr\/de\/#website","url":"https:\/\/anigreat.starter-creative.fr\/de\/","name":"Anigreat","description":"Premium Pet Food","publisher":{"@id":"https:\/\/anigreat.starter-creative.fr\/de\/#organization"},"potentialAction":[{"@type":"SearchAction","target":{"@type":"EntryPoint","urlTemplate":"https:\/\/anigreat.starter-creative.fr\/de\/?s={search_term_string}"},"query-input":{"@type":"PropertyValueSpecification","valueRequired":true,"valueName":"search_term_string"}}],"inLanguage":"de"},{"@type":"Organization","@id":"https:\/\/anigreat.starter-creative.fr\/de\/#organization","name":"Anigreat","url":"https:\/\/anigreat.starter-creative.fr\/de\/","logo":{"@type":"ImageObject","inLanguage":"de","@id":"https:\/\/anigreat.starter-creative.fr\/de\/#\/schema\/logo\/image\/","url":"https:\/\/anigreat.starter-creative.fr\/wp-content\/uploads\/2025\/04\/logo.png","contentUrl":"https:\/\/anigreat.starter-creative.fr\/wp-content\/uploads\/2025\/04\/logo.png","width":500,"height":221,"caption":"Anigreat"},"image":{"@id":"https:\/\/anigreat.starter-creative.fr\/de\/#\/schema\/logo\/image\/"}}]}},"_links":{"self":[{"href":"https:\/\/anigreat.starter-creative.fr\/de\/wp-json\/wp\/v2\/product\/27708","targetHints":{"allow":["GET"]}}],"collection":[{"href":"https:\/\/anigreat.starter-creative.fr\/de\/wp-json\/wp\/v2\/product"}],"about":[{"href":"https:\/\/anigreat.starter-creative.fr\/de\/wp-json\/wp\/v2\/types\/product"}],"replies":[{"embeddable":true,"href":"https:\/\/anigreat.starter-creative.fr\/de\/wp-json\/wp\/v2\/comments?post=27708"}],"version-history":[{"count":4,"href":"https:\/\/anigreat.starter-creative.fr\/de\/wp-json\/wp\/v2\/product\/27708\/revisions"}],"predecessor-version":[{"id":32930,"href":"https:\/\/anigreat.starter-creative.fr\/de\/wp-json\/wp\/v2\/product\/27708\/revisions\/32930"}],"wp:featuredmedia":[{"embeddable":true,"href":"https:\/\/anigreat.starter-creative.fr\/de\/wp-json\/wp\/v2\/media\/27711"}],"wp:attachment":[{"href":"https:\/\/anigreat.starter-creative.fr\/de\/wp-json\/wp\/v2\/media?parent=27708"}],"wp:term":[{"taxonomy":"product_brand","embeddable":true,"href":"https:\/\/anigreat.starter-creative.fr\/de\/wp-json\/wp\/v2\/product_brand?post=27708"},{"taxonomy":"product_cat","embeddable":true,"href":"https:\/\/anigreat.starter-creative.fr\/de\/wp-json\/wp\/v2\/product_cat?post=27708"},{"taxonomy":"product_tag","embeddable":true,"href":"https:\/\/anigreat.starter-creative.fr\/de\/wp-json\/wp\/v2\/product_tag?post=27708"}],"curies":[{"name":"wp","href":"https:\/\/api.w.org\/{rel}","templated":true}]}}