{"id":30305,"date":"2025-06-11T14:17:37","date_gmt":"2025-06-11T12:17:37","guid":{"rendered":"https:\/\/anigreat.starter-creative.fr\/?page_id=30305"},"modified":"2025-07-04T12:43:54","modified_gmt":"2025-07-04T10:43:54","slug":"allgemeine-verkaufsbedingungen","status":"publish","type":"page","link":"https:\/\/anigreat.starter-creative.fr\/de\/allgemeine-verkaufsbedingungen\/","title":{"rendered":"Allgemeine Verkaufsbedingungen"},"content":{"rendered":"<p><b>VERTRAGSPARTNER<br \/>\n<\/b>Auf Grundlage dieser Allgemeinen Gesch\u00e4ftsbedingungen (AGB)<br \/>\nkommt zwischen dem Kunden und AniGreat\u00ae<br \/>\nVertreten durch die decp GmbH,<br \/>\nAdresse: Mettlacher Stra\u00dfe 5, D-66115 Saarbr\u00fccken,<br \/>\nnachfolgend Anbieter genannt, der Vertrag zustande.<\/p>\n<p><b>VERTRAGSGEGENSTAND<\/b><br \/>\nDurch diesen Vertrag wird der Verkauf von neuen Waren \u00fcber den Online-Shop des Anbieters geregelt. Wegen der Details des jeweiligen Angebotes wird auf die Produktbeschreibung der Angebotsseite verwiesen.<\/p>\n<p><b>VERTRAGSSCHLUSS<\/b><br \/>\nDer Vertrag kommt ausschlie\u00dflich im elektronischen Gesch\u00e4ftsverkehr \u00fcber das Shop-System zustande. Dabei stellen die dargestellten Angebote eine unverbindliche Aufforderung zur Abgabe eines Angebots durch die Kundenbestellung dar, das der Anbieter dann annehmen kann. Der Bestellvorgang zum Vertragsschluss umfasst im Shop-System folgende Schritte:<br \/>\n\u2022 Auswahl des Angebots in der gew\u00fcnschten Spezifikation (Gr\u00f6\u00dfe, Anzahl)<br \/>\n\u2022 Einlegen des Angebots in den Warenkorb<br \/>\n\u2022 Bet\u00e4tigen des Buttons \u201abestellen\u2018<br \/>\n\u2022 Eingabe der Rechnungs- und Lieferadresse<br \/>\n\u2022 Auswahl der Bezahlmethode<br \/>\n\u2022 \u00dcberpr\u00fcfung und Bearbeitung der Bestellung und aller Eingaben<br \/>\n\u2022 Bet\u00e4tigen des Buttons \u201akostenpflichtig bestellen\u2018<br \/>\n\u2022 Best\u00e4tigungsmail, dass Bestellung eingegangen ist<br \/>\nMit der Zusendung der Bestellbest\u00e4tigung kommt der Vertrag zustande.<\/p>\n<p><b>VERTRAGSDAUER<\/b><br \/>\nDer Vertrag kommt zustande, wenn die Ware von uns zugesandt wird.<\/p>\n<p><b>EIGENTUMSVORBEHALT<\/b><br \/>\nBis zur vollst\u00e4ndigen Bezahlung bleibt die gelieferte Ware im Eigentum des Anbieters.<\/p>\n<p><b>VORBEHALTE<\/b><br \/>\nDer Anbieter beh\u00e4lt sich vor, im Falle der Nichtverf\u00fcgbarkeit der versprochenen Leistung diese nicht zu erbringen.<\/p>\n<p><b>PREISE, VERSANDKOSTEN, R\u00dcCKSENDEKOSTEN<br \/>\n<\/b>Die in den jeweiligen Angeboten angef\u00fchrten Preise sowie die Versandkosten stellen Gesamtpreise dar. Sie beinhalten alle Preisbestandteile einschlie\u00dflich aller anfallenden Steuern.<br \/>\nDie anfallenden Versandkosten sind nicht im Kaufpreis enthalten. Sie sind \u00fcber eine entsprechend bezeichnete Schaltfl\u00e4che auf unserer Internetpr\u00e4senz oder im jeweiligen Angebot aufrufbar, werden im Laufe des Bestellvorganges gesondert ausgewiesen und sind von Ihnen zus\u00e4tzlich zu tragen, soweit nicht die versandkostenfreie Lieferung zugesagt ist.<br \/>\nErfolgt die Lieferung in L\u00e4nder au\u00dferhalb der Europ\u00e4ischen Union k\u00f6nnen von uns nicht zu vertretende weitere Kosten anfallen, wie z.B. Z\u00f6lle, Steuern oder Geld\u00fcbermittlungsgeb\u00fchren (\u00dcberweisungs- oder Wechselkursgeb\u00fchren der Kreditinstitute), die von Ihnen zu tragen sind.<br \/>\nEntstandene Kosten der Geld\u00fcbermittlung (\u00dcberweisungs- oder Wechselkursgeb\u00fchren der Kreditinstitute) sind von Ihnen in den F\u00e4llen zu tragen, in denen die Lieferung in einen EU-Mitgliedsstaat erfolgt, die Zahlung aber au\u00dferhalb der Europ\u00e4ischen Union veranlasst wurde.<br \/>\nDie Ihnen zur Verf\u00fcgung stehenden Zahlungsarten sind unter einer entsprechend bezeichneten Schaltfl\u00e4che auf unserer Internetpr\u00e4senz oder im jeweiligen Angebot ausgewiesen.<br \/>\nSoweit bei den einzelnen Zahlungsarten nicht anders angegeben, sind die Zahlungsanspr\u00fcche aus dem geschlossenen Vertrag sofort zur Zahlung f\u00e4llig.<\/p>\n<p><b>ZAHLUNGSBEDINGUNGEN<\/b><br \/>\nDer Kunde hat ausschlie\u00dflich folgende M\u00f6glichkeiten zur Zahlung: Vorab\u00fcberweisung, Zahlungsdienstleister (PayPal), Kreditkarte. Weitere Zahlungsarten werden nicht angeboten und werden zur\u00fcckgewiesen.<br \/>\nDer Rechnungsbetrag ist nach Zugang der Rechnung, die alle Angaben f\u00fcr die \u00dcberweisung enth\u00e4lt und per E-Mail verschickt wird, auf das dort angegebene Konto vorab zu \u00fcberweisen. Bei Verwendung eines Treuhandservice\/ Zahlungsdienstleisters erm\u00f6glicht es dieser dem Anbieter und Kunden, die Zahlung untereinander abzuwickeln. Dabei leitet der Treuhandservice\/ Zahlungsdienstleister die Zahlung des Kunden an den Anbieter weiter. Weitere Informationen erhalten Sie auf der Internetseite des jeweiligen Treuhandservices\/ Zahlungsdienstleisters. Bei Zahlung \u00fcber Kreditkarte muss der Kunde der Karteninhaber sein. Die Belastung der Kreditkarte erfolgt nach Versand der Ware. Der Kunde ist verpflichtet innerhalb von 7 Tagen nach Erhalt der Rechnung den ausgewiesenen Betrag auf das auf der Rechnung angegebene Konto einzuzahlen oder zu \u00fcberweisen. Die Zahlung ist ab Rechnungsdatum ohne Abzug f\u00e4llig. Der Kunde kommt erst nach Mahnung in Verzug.<\/p>\n<p><b>LIEFERBEDINGUNGEN<\/b><br \/>\nDie Ware wird umgehend nach best\u00e4tigtem Zahlungseingang versandt. Der Versand erfolgt durchschnittlich sp\u00e4testens nach 5 Tagen. Der Unternehmer verpflichtet sich zur Lieferung am 7. Tag nach Bestelleingang. Die Regellieferzeit betr\u00e4gt 4 Tage, wenn in der Artikelbeschreibung nichts anderes angegeben ist. Der Anbieter versendet die Bestellung aus eigenem Lager, sobald die gesamte Bestellung dort vorr\u00e4tig ist. Hat der Anbieter ein dauerhaftes Lieferhindernis, insbesondere h\u00f6here Gewalt oder Nichtbelieferung durch eigenen Lieferanten, obwohl rechtzeitig ein entsprechendes Deckungsgesch\u00e4ft get\u00e4tigt wurde, nicht zu vertreten, so hat der Anbieter das Recht, insoweit von einem Vertrag mit dem Kunden zur\u00fcckzutreten. Der Kunde wird dar\u00fcber unverz\u00fcglich informiert und empfangene Leistungen, insbesondere Zahlungen, zur\u00fcckerstattet.<\/p>\n<p><b>GEW\u00c4HRLEISTUNG<\/b><br \/>\nVerbrauchern steht f\u00fcr die angebotenen Leistungen ein gesetzliches M\u00e4ngelhaftungsrecht nach den einschl\u00e4gigen Vorschriften des B\u00fcrgerlichen Gesetzbuch (BGB) zu. Sofern hiervon abgewichen wird, richtet sich die Gew\u00e4hrleistung nach den hierzu verfassten Regelungen in den Allgemeinen Gesch\u00e4ftsbedingungen (AGB). Ist der Kunde Unternehmer, wird f\u00fcr Neuwaren die Gew\u00e4hrleistungsfrist auf ein Jahr beschr\u00e4nkt. Dem Anbieter wird zuerkannt, dass er bei einer Nacherf\u00fcllung selbst zwischen Reparatur oder Neulieferung w\u00e4hlen kann, wenn es sich bei der Ware um Neuware handelt und der Kunde Unternehmer ist. Ist der Kunde Unternehmer, wird f\u00fcr Gebrauchtwaren die Gew\u00e4hrleistung ausgeschlossen. Dies gilt nicht f\u00fcr Schadensersatzanspr\u00fcche des Kunden wegen Verletzung des Lebens, des K\u00f6rpers, der Gesundheit oder wesentlicher Vertragspflichten, welche zur Erreichung des Vertragszieles notwendigerweise erf\u00fcllt werden m\u00fcssen. Ebenso gilt dies nicht f\u00fcr Schadensersatzanspr\u00fcche nach grob fahrl\u00e4ssiger oder vors\u00e4tzlicher Pflichtverletzung des Anbieters oder seines gesetzlichen Vertreters oder Erf\u00fcllungsgehilfen. Im \u00dcbrigen gelten die gesetzlichen Regelungen.<\/p>\n<p><b>VERTRAGSGESTALTUNG<\/b><br \/>\nDer Kunde hat keine M\u00f6glichkeit selbst direkt auf den gespeicherten Vertragstext zuzugreifen. Der Kunde kann Fehler in der Eingabe w\u00e4hrend des Bestellvorganges korrigieren. Hierzu kann er folgenderma\u00dfen vorgehen: \u201eZur\u00fcck Button\u201c des Browsers bet\u00e4tigen oder die Schaltfl\u00e4che \u201eBestellung \u00e4ndern\u201c nutzen.<\/p>\n<p><b>WIDERRUFSRECHT<\/b><br \/>\nWiderrufsbelehrung<br \/>\nWiderrufsrecht<br \/>\nSie haben das Recht, binnen vierzehn Tagen ohne Angabe von Gr\u00fcnden diesen Vertrag zu widerrufen.<br \/>\nDie Widerrufsfrist betr\u00e4gt vierzehn Tage ab dem Tag,<br \/>\n\u2022 Im Falle eines Kaufvertrags: an dem Sie oder ein von Ihnen benannter Dritter, der nicht der Bef\u00f6rderer ist, die letzte Ware in Besitz genommen haben bzw. hat.<br \/>\n\u2022 Im Falle eines Vertrages \u00fcber mehrere Waren, die der Verbraucher im Rahmen einer einheitlichen Bestellung bestellt hat und die getrennt geliefert werden: an dem Sie oder ein von Ihnen benannter Dritter, der nicht Bef\u00f6rderer ist, die letzte Ware in Besitz genommen haben bzw. hat.<br \/>\n\u2022 Im Falle eines Vertrags \u00fcber die Lieferung einer Ware in mehreren Teilsendungen oder St\u00fccken: an dem Sie oder ein von Ihnen benannter Dritter, der nicht Bef\u00f6rderer ist, die letzte Teilsendung oder das letzte St\u00fcck in Besitz genommen haben bzw. hat.<br \/>\n\u2022 Im Falle eines Vertrages zur regelm\u00e4\u00dfigen Lieferung von Waren \u00fcber einen festgelegten Zeitraum hinweg: an dem Sie oder ein von Ihnen benannter Dritter, der nicht Bef\u00f6rderer ist, die erste Ware in Besitz genommen haben bzw. hat.<br \/>\nBeim Zusammentreffen mehrerer Alternativen ist der jeweils letzte Zeitpunkt ma\u00dfgeblich.<br \/>\nUm Ihr Widerrufsrecht auszu\u00fcben, m\u00fcssen Sie uns (AniGreat\u00ae, Mettlacher Stra\u00dfe 5, D-66115 Saarbr\u00fccken) mittels einer eindeutigen Erkl\u00e4rung (z.B. ein mit der Post versandter Brief, oder E-Mail) \u00fcber Ihren Entschluss, diesen Vertrag zu widerrufen, informieren. Sie k\u00f6nnen daf\u00fcr das folgende Muster-Widerrufsformular verwenden, das jedoch nicht vorgeschrieben ist.<br \/>\nMuster-Widerrufsformular \u201eWenn Sie den Vertrag widerrufen wollen, dann k\u00f6nnen Sie dieses Formular ausf\u00fcllen. Senden Sie es bitte zur\u00fcck an:<br \/>\nAniGreat\u00ae, Mettlacher Stra\u00dfe 5, D-66115 Saarbr\u00fccken oder support@anigreat.com<br \/>\nHiermit widerrufe ich den von mir abgeschlossenen Vertrag \u00fcber den Kauf folgender Waren ( )\/die Erbringung der folgenden Dienstleistung ( ):<br \/>\nBestellt am ( )\/erhalten am (n): ____________________________<br \/>\nName des Verbrauchers: ____________________________<br \/>\nE-Mail des Verbrauchers: _________________________________<br \/>\nAnschrift des Verbrauchers: ____________________________<br \/>\nUnterschrift des Verbrauchers (nur bei Mitteilung auf Papier):<br \/>\nDatum: ____________________________ \u201c<br \/>\nZur Wahrung der Widerrufsfrist reicht es aus, dass Sie die Mitteilung \u00fcber die Aus\u00fcbung des Widerrufsrechts vor Ablauf der Widerrufsfrist absenden.<\/p>\n<p><b>Folgen des Widerrufs<br \/>\n<\/b>Wenn Sie diesen Vertag widerrufen, haben wir Ihnen alle Zahlungen, die wir von Ihnen erhalten haben, einschlie\u00dflich der Lieferkosten (mit Ausnahmen der zus\u00e4tzlichen Kosten, die sich daraus ergeben, dass Sie einer anderen Art der Lieferung als die von uns angebotene, g\u00fcnstige Standardlieferung gew\u00e4hlt haben), unverz\u00fcglich und sp\u00e4testens binnen vierzehn Tagen ab dem Tag zur\u00fcckzuzahlen, an dem die Mitteilung \u00fcber Ihren Widerruf dieses Vertrags bei uns eingegangen ist. F\u00fcr diese R\u00fcckzahlung verwenden wir dasselbe Zahlungsmittel, das Sie bei der urspr\u00fcnglichen Transaktion eingesetzt haben, es sei denn, mit Ihnen wurde ausdr\u00fccklich etwas anderes vereinbart; in keinem Fall werden Ihnen wegen dieser R\u00fcckzahlung Entgelte berechnet. Wir k\u00f6nnen die R\u00fcckzahlung verweigern, bis wir die Waren wieder zur\u00fcckerhalten haben oder bis Sie den Nachweis erbracht haben, dass Sie die Waren zur\u00fcckgesandt haben, je nachdem, welches der fr\u00fchere Zeitpunkt ist.<br \/>\nSie haben die Waren unverz\u00fcglich und in jedem Fall sp\u00e4testens binnen vierzehn Tagen ab dem Tag, an dem Sie uns \u00fcber den Widerruf dieses Vertrags unterrichten, an AniGreat\u00ae, Mettlacher Stra\u00dfe 5, D-66115 Saarbr\u00fccken zur\u00fcckzusenden oder zu \u00fcbergeben. Die Frist ist gewahrt, wenn Sie die Waren vor Ablauf der Frist von vierzehn Tagen absenden.<br \/>\nSie tragen die unmittelbaren Kosten der R\u00fccksendung der Waren.<br \/>\nSie m\u00fcssen f\u00fcr einen etwaigen Wertverlust der Waren nur aufkommen, wenn dieser Wertverlust auf einen zur Pr\u00fcfung der Beschaffenheit, Eigenschaften und Funktionsweise der Waren nicht notwendigen Umgang mit ihnen zur\u00fcckzuf\u00fchren ist.<br \/>\nEnde der Widerrufsbelehrung<\/p>\n<p><b>HAFTUNGSAUSSCHLUSS<\/b><br \/>\nSchadensersatzanspr\u00fcche des Kunden sind ausgeschlossen, soweit sich aus den nachfolgenden Gr\u00fcnden nicht etwas anderes ergibt. Dies gilt auch f\u00fcr den Vertreter und Erf\u00fcllungsgehilfen des Anbieters, falls der Kunde gegen diese Anspr\u00fcche auf Schadensersatz erhebt. Ausgenommen sind Schadensersatzanspr\u00fcche des Kunden wegen Verletzung des Lebens, des K\u00f6rpers, der Gesundheit oder wesentlicher Vertragspflichten, welche zur Erreichung des Vertragszieles notwendigerweise erf\u00fcllt werden m\u00fcssen. Ebenso gilt dies nicht f\u00fcr Schadensersatzanspr\u00fcche nach grob fahrl\u00e4ssiger oder vors\u00e4tzlicher Pflichtverletzung des Anbieters oder seines gesetzlichen Vertreters oder Erf\u00fcllungsgehilfen.<\/p>\n<p><b>ABTRETUNGS- UND VERPF\u00c4NDUNGSVERBOT<br \/>\n<\/b>Anspr\u00fcche oder Rechte des Kunden gegen den Anbieter d\u00fcrfen ohne dessen Zustimmung nicht abgetreten oder verpf\u00e4ndet werden, es sei denn der Kunde hat ein berechtigtes Interesse an der Abtretung oder Verpf\u00e4ndung nachgewiesen.<\/p>\n<p><b>SPRACHE, GERICHTSSTAND UND ANZUWENDENDES RECHT<br \/>\n<\/b>Der Vertrag wird in Deutsch abgefasst. Die weitere Durchf\u00fchrung der Vertragsbeziehung erfolgt in Deutsch. Es findet ausschlie\u00dflich das Recht der Bundesrepublik Deutschland Anwendung. F\u00fcr Verbraucher gilt dies nur insoweit, als dadurch keine gesetzlichen Bestimmungen des Staates eingeschr\u00e4nkt werden, in dem der Kunde seinen Wohnsitz oder gew\u00f6hnlichen Aufenthalt hat. Gerichtsstand ist bei Streitigkeiten mit Kunden, die kein Verbraucher, juristische Person des \u00f6ffentlichen Rechts oder \u00f6ffentlich-rechtliches Sonderverm\u00f6gen sind, Sitz des Anbieters.<\/p>\n<p><b>DATENSCHUTZ<\/b><br \/>\nIm Zusammenhang mit der Anbahnung, Abschluss, Abwicklung und R\u00fcckabwicklung eines Kaufvertrages auf Grundlage dieser AGB werden vom Anbieter Daten erhoben, gespeichert und verarbeitet. Dies geschieht im Rahmen der gesetzlichen Bestimmungen. Der Anbieter gibt keine personenbezogenen Daten des Kunden an Dritte weiter, es sei denn, dass er hierzu gesetzlich verpflichtet w\u00e4re oder der Kunde vorher ausdr\u00fccklich eingewilligt hat. Wird ein Dritter f\u00fcr Dienstleistungen im Zusammenhang mit der Abwicklung von Verarbeitungsprozessen eingesetzt, so werden die Bestimmungen des Bundesdatenschutzgesetzes eingehalten. Die vom Kunden im Wege der Bestellung mitgeteilten Daten werden ausschlie\u00dflich zur Kontaktaufnahme innerhalb des Rahmens der Vertragsabwicklung und nur zu dem Zweck verarbeitet, zu dem der Kunde die Daten zur Verf\u00fcgung gestellt hat. Die Daten werden nur soweit notwendig an das Versandunternehmen, das die Lieferung der Ware auftragsgem\u00e4\u00df \u00fcbernimmt, weitergegeben. Die Zahlungsdaten werden an das mit der Zahlung beauftragte Kreditinstitut weitergegeben. Soweit den Anbieter Aufbewahrungsfristen handels- oder steuerrechtlicher Natur treffen, kann die Speicherung einiger Daten bis zu zehn Jahre dauern. W\u00e4hrend des Besuchs im Internet-Shop des Anbieters werden anonymisierte Daten, die keine R\u00fcckschl\u00fcssen auf personenbezogene Daten zulassen und auch nicht beabsichtigen, insbesondere IP-Adresse, Datum, Uhrzeit, Browsertyp, Betriebssystem und besuchte Seiten, protokolliert. Auf Wunsch des Kunden werden im Rahmen der gesetzlichen Bestimmungen die personenbezogenen Daten gel\u00f6scht, korrigiert oder gesperrt. Eine unentgeltliche Auskunft \u00fcber alle personenbezogenen Daten des Kunden ist m\u00f6glich. F\u00fcr Fragen und Antr\u00e4ge auf L\u00f6schung, Korrektur oder Sperrung personenbezogener Daten sowie Erhebung, Verarbeitung und Nutzung kann sich der Kunde an folgende Adresse wenden AniGreat\u00ae, Mettlacher Stra\u00dfe 5, D-66115 Saarbr\u00fccken, support@anigreat.com.<\/p>\n<p><b>SALVATORISCHE KLAUSEL<br \/>\n<\/b>Die Unwirksamkeit einer Bestimmung dieser AGB hat keine Auswirkungen auf die Wirksamkeit der sonstigen Bestimmungen.<\/p>\n<p><b>ALTERNATIVE STREITBEILEGUNG GEM\u00c4\u00df ART. 14 ABS. 1 ODR-VO UND \u00a7 36 VSBG:<br \/>\n<\/b>Die Europ\u00e4ische Kommission stellt eine Plattform zur Online-Streitbeilegung (OS) bereit, die du unter https:\/\/ec.europa.eu\/consumers\/odr findest. Zur Teilnahme an einem Streitbeilegungsverfahren vor einer Verbraucherschlichtungsstelle sind wir nicht verpflichtet und nicht bereit.<\/p>\n","protected":false},"excerpt":{"rendered":"<p>VERTRAGSPARTNER Auf Grundlage dieser Allgemeinen Gesch\u00e4ftsbedingungen (AGB) kommt zwischen dem Kunden und AniGreat\u00ae Vertreten durch die decp GmbH, Adresse: Mettlacher<\/p>\n","protected":false},"author":1,"featured_media":0,"parent":0,"menu_order":0,"comment_status":"closed","ping_status":"closed","template":"","meta":{"footnotes":""},"class_list":["post-30305","page","type-page","status-publish","hentry"],"yoast_head":"<!-- This site is optimized with the Yoast SEO plugin v26.0 - https:\/\/yoast.com\/wordpress\/plugins\/seo\/ -->\n<title>Allgemeine Verkaufsbedingungen | AniGreat<\/title>\n<meta name=\"robots\" content=\"noindex, follow, max-snippet:-1, max-image-preview:large, max-video-preview:-1\" \/>\n<meta property=\"og:locale\" content=\"de_DE\" \/>\n<meta property=\"og:type\" content=\"article\" \/>\n<meta property=\"og:title\" content=\"Allgemeine Verkaufsbedingungen | AniGreat\" \/>\n<meta property=\"og:description\" content=\"VERTRAGSPARTNER Auf Grundlage dieser Allgemeinen Gesch\u00e4ftsbedingungen (AGB) kommt zwischen dem Kunden und AniGreat\u00ae Vertreten durch die decp GmbH, Adresse: Mettlacher\" \/>\n<meta property=\"og:url\" content=\"https:\/\/anigreat.starter-creative.fr\/de\/allgemeine-verkaufsbedingungen\/\" \/>\n<meta property=\"og:site_name\" content=\"AniGreat\" \/>\n<meta property=\"article:modified_time\" content=\"2025-07-04T10:43:54+00:00\" \/>\n<meta property=\"og:image\" content=\"https:\/\/anigreat.starter-creative.fr\/wp-content\/uploads\/2025\/04\/logo.png\" \/>\n\t<meta property=\"og:image:width\" content=\"500\" \/>\n\t<meta property=\"og:image:height\" content=\"221\" \/>\n\t<meta property=\"og:image:type\" content=\"image\/png\" \/>\n<meta name=\"twitter:card\" content=\"summary_large_image\" \/>\n<meta name=\"twitter:label1\" content=\"Gesch\u00e4tzte Lesezeit\" \/>\n\t<meta name=\"twitter:data1\" content=\"10\u00a0Minute\" \/>\n<script type=\"application\/ld+json\" class=\"yoast-schema-graph\">{\"@context\":\"https:\/\/schema.org\",\"@graph\":[{\"@type\":\"WebPage\",\"@id\":\"https:\/\/anigreat.starter-creative.fr\/de\/allgemeine-verkaufsbedingungen\/\",\"url\":\"https:\/\/anigreat.starter-creative.fr\/de\/allgemeine-verkaufsbedingungen\/\",\"name\":\"Allgemeine Verkaufsbedingungen | AniGreat\",\"isPartOf\":{\"@id\":\"https:\/\/anigreat.starter-creative.fr\/de\/#website\"},\"datePublished\":\"2025-06-11T12:17:37+00:00\",\"dateModified\":\"2025-07-04T10:43:54+00:00\",\"breadcrumb\":{\"@id\":\"https:\/\/anigreat.starter-creative.fr\/de\/allgemeine-verkaufsbedingungen\/#breadcrumb\"},\"inLanguage\":\"de\",\"potentialAction\":[{\"@type\":\"ReadAction\",\"target\":[\"https:\/\/anigreat.starter-creative.fr\/de\/allgemeine-verkaufsbedingungen\/\"]}]},{\"@type\":\"BreadcrumbList\",\"@id\":\"https:\/\/anigreat.starter-creative.fr\/de\/allgemeine-verkaufsbedingungen\/#breadcrumb\",\"itemListElement\":[{\"@type\":\"ListItem\",\"position\":1,\"name\":\"Heim\",\"item\":\"https:\/\/anigreat.starter-creative.fr\/de\/\"},{\"@type\":\"ListItem\",\"position\":2,\"name\":\"Allgemeine Verkaufsbedingungen\"}]},{\"@type\":\"WebSite\",\"@id\":\"https:\/\/anigreat.starter-creative.fr\/de\/#website\",\"url\":\"https:\/\/anigreat.starter-creative.fr\/de\/\",\"name\":\"Anigreat\",\"description\":\"Premium Pet Food\",\"publisher\":{\"@id\":\"https:\/\/anigreat.starter-creative.fr\/de\/#organization\"},\"potentialAction\":[{\"@type\":\"SearchAction\",\"target\":{\"@type\":\"EntryPoint\",\"urlTemplate\":\"https:\/\/anigreat.starter-creative.fr\/de\/?s={search_term_string}\"},\"query-input\":{\"@type\":\"PropertyValueSpecification\",\"valueRequired\":true,\"valueName\":\"search_term_string\"}}],\"inLanguage\":\"de\"},{\"@type\":\"Organization\",\"@id\":\"https:\/\/anigreat.starter-creative.fr\/de\/#organization\",\"name\":\"Anigreat\",\"url\":\"https:\/\/anigreat.starter-creative.fr\/de\/\",\"logo\":{\"@type\":\"ImageObject\",\"inLanguage\":\"de\",\"@id\":\"https:\/\/anigreat.starter-creative.fr\/de\/#\/schema\/logo\/image\/\",\"url\":\"https:\/\/anigreat.starter-creative.fr\/wp-content\/uploads\/2025\/04\/logo.png\",\"contentUrl\":\"https:\/\/anigreat.starter-creative.fr\/wp-content\/uploads\/2025\/04\/logo.png\",\"width\":500,\"height\":221,\"caption\":\"Anigreat\"},\"image\":{\"@id\":\"https:\/\/anigreat.starter-creative.fr\/de\/#\/schema\/logo\/image\/\"}}]}<\/script>\n<!-- \/ Yoast SEO plugin. -->","yoast_head_json":{"title":"Allgemeine Verkaufsbedingungen | AniGreat","robots":{"index":"noindex","follow":"follow","max-snippet":"max-snippet:-1","max-image-preview":"max-image-preview:large","max-video-preview":"max-video-preview:-1"},"og_locale":"de_DE","og_type":"article","og_title":"Allgemeine Verkaufsbedingungen | AniGreat","og_description":"VERTRAGSPARTNER Auf Grundlage dieser Allgemeinen Gesch\u00e4ftsbedingungen (AGB) kommt zwischen dem Kunden und AniGreat\u00ae Vertreten durch die decp GmbH, Adresse: Mettlacher","og_url":"https:\/\/anigreat.starter-creative.fr\/de\/allgemeine-verkaufsbedingungen\/","og_site_name":"AniGreat","article_modified_time":"2025-07-04T10:43:54+00:00","og_image":[{"width":500,"height":221,"url":"https:\/\/anigreat.starter-creative.fr\/wp-content\/uploads\/2025\/04\/logo.png","type":"image\/png"}],"twitter_card":"summary_large_image","twitter_misc":{"Gesch\u00e4tzte Lesezeit":"10\u00a0Minute"},"schema":{"@context":"https:\/\/schema.org","@graph":[{"@type":"WebPage","@id":"https:\/\/anigreat.starter-creative.fr\/de\/allgemeine-verkaufsbedingungen\/","url":"https:\/\/anigreat.starter-creative.fr\/de\/allgemeine-verkaufsbedingungen\/","name":"Allgemeine Verkaufsbedingungen | AniGreat","isPartOf":{"@id":"https:\/\/anigreat.starter-creative.fr\/de\/#website"},"datePublished":"2025-06-11T12:17:37+00:00","dateModified":"2025-07-04T10:43:54+00:00","breadcrumb":{"@id":"https:\/\/anigreat.starter-creative.fr\/de\/allgemeine-verkaufsbedingungen\/#breadcrumb"},"inLanguage":"de","potentialAction":[{"@type":"ReadAction","target":["https:\/\/anigreat.starter-creative.fr\/de\/allgemeine-verkaufsbedingungen\/"]}]},{"@type":"BreadcrumbList","@id":"https:\/\/anigreat.starter-creative.fr\/de\/allgemeine-verkaufsbedingungen\/#breadcrumb","itemListElement":[{"@type":"ListItem","position":1,"name":"Heim","item":"https:\/\/anigreat.starter-creative.fr\/de\/"},{"@type":"ListItem","position":2,"name":"Allgemeine Verkaufsbedingungen"}]},{"@type":"WebSite","@id":"https:\/\/anigreat.starter-creative.fr\/de\/#website","url":"https:\/\/anigreat.starter-creative.fr\/de\/","name":"Anigreat","description":"Premium Pet Food","publisher":{"@id":"https:\/\/anigreat.starter-creative.fr\/de\/#organization"},"potentialAction":[{"@type":"SearchAction","target":{"@type":"EntryPoint","urlTemplate":"https:\/\/anigreat.starter-creative.fr\/de\/?s={search_term_string}"},"query-input":{"@type":"PropertyValueSpecification","valueRequired":true,"valueName":"search_term_string"}}],"inLanguage":"de"},{"@type":"Organization","@id":"https:\/\/anigreat.starter-creative.fr\/de\/#organization","name":"Anigreat","url":"https:\/\/anigreat.starter-creative.fr\/de\/","logo":{"@type":"ImageObject","inLanguage":"de","@id":"https:\/\/anigreat.starter-creative.fr\/de\/#\/schema\/logo\/image\/","url":"https:\/\/anigreat.starter-creative.fr\/wp-content\/uploads\/2025\/04\/logo.png","contentUrl":"https:\/\/anigreat.starter-creative.fr\/wp-content\/uploads\/2025\/04\/logo.png","width":500,"height":221,"caption":"Anigreat"},"image":{"@id":"https:\/\/anigreat.starter-creative.fr\/de\/#\/schema\/logo\/image\/"}}]}},"_links":{"self":[{"href":"https:\/\/anigreat.starter-creative.fr\/de\/wp-json\/wp\/v2\/pages\/30305","targetHints":{"allow":["GET"]}}],"collection":[{"href":"https:\/\/anigreat.starter-creative.fr\/de\/wp-json\/wp\/v2\/pages"}],"about":[{"href":"https:\/\/anigreat.starter-creative.fr\/de\/wp-json\/wp\/v2\/types\/page"}],"author":[{"embeddable":true,"href":"https:\/\/anigreat.starter-creative.fr\/de\/wp-json\/wp\/v2\/users\/1"}],"replies":[{"embeddable":true,"href":"https:\/\/anigreat.starter-creative.fr\/de\/wp-json\/wp\/v2\/comments?post=30305"}],"version-history":[{"count":1,"href":"https:\/\/anigreat.starter-creative.fr\/de\/wp-json\/wp\/v2\/pages\/30305\/revisions"}],"predecessor-version":[{"id":30306,"href":"https:\/\/anigreat.starter-creative.fr\/de\/wp-json\/wp\/v2\/pages\/30305\/revisions\/30306"}],"wp:attachment":[{"href":"https:\/\/anigreat.starter-creative.fr\/de\/wp-json\/wp\/v2\/media?parent=30305"}],"curies":[{"name":"wp","href":"https:\/\/api.w.org\/{rel}","templated":true}]}}